{"id":967,"date":"2016-02-09T03:42:36","date_gmt":"2016-02-09T02:42:36","guid":{"rendered":"http:\/\/gamma.vflbokel.de\/?page_id=967"},"modified":"2024-12-28T17:50:41","modified_gmt":"2024-12-28T16:50:41","slug":"regionalcups","status":"publish","type":"page","link":"https:\/\/www.vflbokel.de\/alg\/termine\/regionalcups\/","title":{"rendered":"Regionalcup-Wertungen in SH"},"content":{"rendered":"<h4>Ferien 2024\/2025 in Schleswig-Holstein<\/h4>\n<table style=\"width: 400px;\" border=\"1\" cellspacing=\"0\" align=\"center\">\n<tbody>\n<tr>\n<td style=\"padding: 2px;\">Weihnachten<\/td>\n<td style=\"padding: 2px;\">Ostern<\/td>\n<td style=\"padding: 2px;\">Sommer<\/td>\n<td style=\"padding: 2px;\">Herbst<\/td>\n<\/tr>\n<tr>\n<td style=\"padding: 2px;\">19.12.-07.01.<\/td>\n<td style=\"padding: 2px;\">11.04.-25.04.<\/td>\n<td style=\"padding: 2px;\">28.07.-06.09.<\/td>\n<td style=\"padding: 2px;\">20.10.-30.10.<\/td>\n<\/tr>\n<\/tbody>\n<\/table>\n<p><!--\n\n\n<tr>\n\n\n<td width=\"120\">Sa. 22.02.2020<\/td>\n\n\n\n\n<td width=\"600\"><a href=\"http:\/\/www.powerschnecken.de\/\" target=\"blank\" rel=\"noopener noreferrer\">26. famila Kiel-Marathon<\/a> - 10 km<\/td>\n\n\n<\/tr>\n\n\n\n\n<tr>\n\n\n<td>So. 10.05.2020<\/td>\n\n\n\n\n<td><a href=\"http:\/\/www.sfco.de\/\" target=\"blank\" rel=\"noopener noreferrer\">26. Ottendorfer Kanallauf<\/a> - 11,3 km<\/td>\n\n\n<\/tr>\n\n\n\n\n<tr>\n\n\n<td>So. 06.09.2020<\/td>\n\n\n\n\n<td><a href=\"http:\/\/www.handewitter-sommerlauf.de\/\" target=\"blank\" rel=\"noopener noreferrer\">14. Handewitter Sommerlauf<\/a> - 10 km<\/td>\n\n\n<\/tr>\n\n\n\n\n<tr class=\"u\">\n\n\n<td>So. 05.06.2022<\/td>\n\n\n\n\n<td><a href=\"http:\/\/www.gettorf-lauf.de\/\" target=\"blank\" rel=\"noopener noreferrer\">20. Gettorf-Lauf<\/a> - 10 Meilen<\/td>\n\n\n<\/tr>\n\n\n--><\/p>\n<table class=\"team\" border=\"1\" cellspacing=\"0\" align=\"center\">\n<tbody>\n<tr class=\"g\">\n<td colspan=\"2\">\n<h4><a href=\"https:\/\/www.zippels.de\/events\/kiel-cup\/\" target=\"blank\" rel=\"noopener noreferrer\">31. Zippel\u00b4s Kiel-Cup 2025<\/a><\/h4>\n<p>5 von 7 Wertungsl\u00e4ufen werden bei den Erwachsenen gez\u00e4hlt &#8211;<br \/>\nf\u00fcr die Sch\u00fclerwertung werden Holtsee, Holtenau, Kiel und Bordesholm gewertet, jeweils die Kurzstrecken.<\/td>\n<\/tr>\n<tr class=\"u\">\n<td width=\"120\">So. 30.03.2025<\/td>\n<td><a href=\"http:\/\/www.lg-albatros-kiel.de\/\" target=\"blank\" rel=\"noopener noreferrer\"> 35. Kieler Hochbr\u00fcckenlauf<\/a> &#8211; 15,7 km<\/td>\n<\/tr>\n<tr>\n<td>Fr. 11.05.2025<\/td>\n<td><a href=\"https:\/\/svholtsee.de\/holtsee-lauf\/\" target=\"blank\" rel=\"noopener noreferrer\">2. Holtseelauf<\/a> &#8211; 10 km<\/td>\n<\/tr>\n<tr class=\"u\">\n<td>Fr. 29.08.2025<\/td>\n<td><a href=\"http:\/\/www.tus-holtenau.de\/\" target=\"blank\" rel=\"noopener noreferrer\">30. Mare-Stra\u00dfenlauf<\/a> in Kiel-Holtenau &#8211; 10 km<\/td>\n<\/tr>\n<tr>\n<td>So. 14.09.2025<\/td>\n<td><a href=\"http:\/\/www.kiellauf.de\/\" target=\"blank\" rel=\"noopener noreferrer\">37. Kiel.Lauf<\/a> powered by F\u00f6rde Sparkasse &#8211; HM<\/td>\n<\/tr>\n<tr class=\"u\">\n<td>So. 21.09.2025<\/td>\n<td><a href=\"http:\/\/www.see-and-run.de\/\" target=\"blank\" rel=\"noopener noreferrer\">23. Bordesholmer Seelauf<\/a> &#8211; 10 km<\/td>\n<\/tr>\n<tr>\n<td>So. 28.09.2025<\/td>\n<td><a href=\"http:\/\/s648616596.website-start.de\/home\/schusterlauf\/\" target=\"blank\" rel=\"noopener noreferrer\">41. Preetzer Schusterlauf<\/a> &#8211; 5 km<\/td>\n<\/tr>\n<tr class=\"u\">\n<td width=\"120\">So. 07.12.2025<\/td>\n<td width=\"600\"><a href=\"http:\/\/www.tsv-klausdorf.de\/\" target=\"blank\" rel=\"noopener noreferrer\">40. Klausdorfer Nikolauslauf<\/a> &#8211; 10 km<\/td>\n<\/tr>\n<tr>\n<td>Mi. 21?.01.2026<\/td>\n<td>Siegerehrung ist am 21?. Januar 2026 im Haus des Sports in Kiel<\/td>\n<\/tr>\n<tr class=\"g\">\n<td colspan=\"2\">\n<h4><a href=\"http:\/\/www.zippels.de\/events\/nord-cup\/\" target=\"blank\" rel=\"noopener noreferrer\">19. Zippel\u00b4s Nord-Cup 2025<\/a><\/h4>\n<p>Die besten 5 Wertungsl\u00e4ufe werden gez\u00e4hlt, der Rest sind Streichergebnisse &#8211;<br \/>\nab 2025 gibt es beim Nord-Cup auch eine Sch\u00fclerwertung auf den Kurzstrecken<\/td>\n<\/tr>\n<tr>\n<td>Sa. 05.01.2025<\/td>\n<td><a href=\"https:\/\/sportinhusum.de\/\" target=\"blank\" rel=\"noopener noreferrer\">45. Winterlaufserie Drelsdorf<\/a> &#8211; 10 km<\/td>\n<\/tr>\n<tr class=\"u\">\n<td>Sa. 23.03.2025<\/td>\n<td><a href=\"https:\/\/www.stadtwerke-flensburg-lauf.de\/infos\/ausschreibung\/\" target=\"blank\" rel=\"noopener noreferrer\">14. Stadtwerkelauf Flensburg<\/a> &#8211; 10 km<\/td>\n<\/tr>\n<tr>\n<td>Sa. 03.05.2025<\/td>\n<td><a href=\"https:\/\/stv-soerup.kurabu.com\/de\/categories\/suedenseelauf\" target=\"blank\" rel=\"noopener noreferrer\">13. S\u00f6ruper S\u00fcdenseelauf<\/a> &#8211; HM<\/td>\n<\/tr>\n<tr class=\"u\">\n<td>So. 04.05.2025<\/td>\n<td><a href=\"https:\/\/www.niebueller-stadtlauf.de\/\" target=\"blank\" rel=\"noopener noreferrer\">29. Stadtwerke-Lauf Nieb\u00fcll<\/a> &#8211; 10 km<\/td>\n<\/tr>\n<tr>\n<td>Sa. 11.05.2025<\/td>\n<td><a href=\"http:\/\/www.spiridon-schleswig.de\/Stadtlauf\/SL-ausschreibung.htm\" target=\"blank\" rel=\"noopener noreferrer\">37. Schleswiger VR Bank Stadtlauf<\/a> &#8211; 10 km<\/td>\n<\/tr>\n<tr class=\"u\">\n<td>Sa. 30.08.2025<\/td>\n<td><a href=\"https:\/\/www.mtv-gelting-08.de\/veranstaltungen\/birklauf\" target=\"blank\" rel=\"noopener noreferrer\">26. Birklauf<\/a> &#8211; 10 Meilen<\/td>\n<\/tr>\n<tr>\n<td>Sa. 07.09.2025<\/td>\n<td><a href=\"https:\/\/www.flensburg-marathon.de\/\" target=\"blank\" rel=\"noopener noreferrer\">7. Flensburg liebt Dich &#8211; Marathon<\/a> &#8211; 10 km<\/td>\n<\/tr>\n<tr class=\"u\">\n<td>Sa. 20.09.2025<\/td>\n<td><a href=\"http:\/\/www.graenseloebet.dk\/\" target=\"blank\" rel=\"noopener noreferrer\">39. Grenzlauf von Krus\u00e5<\/a> &#8211; 11,4 km<\/td>\n<\/tr>\n<tr>\n<td>Sa. 10?.01.2026<\/td>\n<td>Siegerehrung 16.00 Uhr, Zippel&#8217;s L\u00e4uferwelt, Flensburg, Marienallee 8<\/td>\n<\/tr>\n<tr class=\"g\">\n<td colspan=\"2\">\n<h4><a href=\"https:\/\/www.sv-enge-sande.de\/waterkant-cup\/die-l%C3%A4ufe\/\" target=\"blank\" rel=\"noopener noreferrer\">13. Waterkant-Cup Nordfriesland 2025<\/a><\/h4>\n<p>5 von 6 Wertungsl\u00e4ufen m\u00fcssen gefinisht werden, es gibt ein Streichergebnis &#8211;<br \/>\nes gibt die Wertungen Minicup (4 von 6 L\u00e4ufe), Kurzstrecke und Langstrecke<br \/>\nMehr zu den Regeln im <a href=\"https:\/\/www.sv-enge-sande.de\/app\/download\/5817278011\/Flyer+Waterkant-Cup+2024_web_korr.pdf\" target=\"_blank\" rel=\"noopener\">Flyer des Waterkant-Cups<\/a>.<\/td>\n<\/tr>\n<tr class=\"u\">\n<td>So. 23.03.2025<\/td>\n<td><a href=\"http:\/\/www.tsv-goldebek.de\/\" target=\"blank\" rel=\"noopener noreferrer\">14. Loop \u00f6ver de Kammbarg<\/a> &#8211; 5 km + 10 km<\/td>\n<\/tr>\n<tr>\n<td>Sa. 03.05.2025<\/td>\n<td><a href=\"http:\/\/www.tsvvioel.de\/\" target=\"_blank\" rel=\"noopener noreferrer\">15. Vi\u00f6ler Stra\u00dfenlauf<\/a> &#8211; 5 km + 10 km<\/td>\n<\/tr>\n<tr class=\"u\">\n<td>So. 01.06.2025<\/td>\n<td><a href=\"http:\/\/www.acnf.de\/\" target=\"blank\" rel=\"noopener noreferrer\">7. Tine-Flugplatzlauf<\/a> &#8211; 5 km + 10 km<\/td>\n<\/tr>\n<tr>\n<td>Sa. 21.06.2025<\/td>\n<td><a href=\"http:\/\/www.sv-enge-sande.de\/\" target=\"blank\" rel=\"noopener noreferrer\">3. NOSPA Mittsommerlauf<\/a> &#8211; 5 km + 10 km<\/td>\n<\/tr>\n<tr class=\"u\">\n<td>Sa. 09.08.2025<\/td>\n<td><a href=\"http:\/\/www.sportinhusum.de\/\" target=\"blank\" rel=\"noopener noreferrer\">37. CJ Schmidt Husumer Hafentagelauf<\/a> &#8211; 2,66 km + 10 km<\/td>\n<\/tr>\n<tr>\n<td>Sa. 13.09.2025<\/td>\n<td><a href=\"http:\/\/www.sz-arlewatt.de\/\" target=\"blank\" rel=\"noopener noreferrer\">Arlewatt &#8211; Lauf durch die Osterd\u00f6rfer<\/a> &#8211; 5 km + 10 km<\/td>\n<\/tr>\n<tr>\n<td>&#8211;<\/td>\n<td>&#8211;<\/td>\n<\/tr>\n<tr class=\"g\">\n<td colspan=\"2\">\n<h4><a href=\"https:\/\/www.klv-dithmarschen.net\/Dithmarschen-Cup-2025.htm\" target=\"_blank\" rel=\"noopener noreferrer\">33. Dithmarschen-Cup 2025<\/a><\/h4>\n<p>Alle 11 L\u00e4ufe kommen in die Wertung, mindestens 5 davon m\u00fcssen absolviert werden.\n<\/td>\n<\/tr>\n<tr>\n<td>So. 30.03.2025<\/td>\n<td><a href=\"http:\/\/www.mtv-st-michaelisdonn.de\/\" target=\"blank\" rel=\"noopener noreferrer\">40. Donner Fr\u00fchlingslauf<\/a> in St. Michaelisdonn &#8211; 11,3 km<\/td>\n<\/tr>\n<tr class=\"u\">\n<td>So. 13.04.2025<\/td>\n<td><a href=\"http:\/\/www.elbelauf.de\/\" target=\"blank\" rel=\"noopener noreferrer\">17. Elbelauf Brunsb\u00fcttel<\/a><\/td>\n<\/tr>\n<tr>\n<td>So. 01.05.2025<\/td>\n<td><a href=\"http:\/\/www.meldorfer-brueckenlauf.de\/\" target=\"blank\" rel=\"noopener noreferrer\">15. Meldorfer Br\u00fcckenlauf<\/a><\/td>\n<\/tr>\n<tr class=\"u\">\n<td>Fr. 16.05.2025<\/td>\n<td><a href=\"http:\/\/www.mtv-burg.de\/index.php\/\" target=\"blank\" rel=\"noopener noreferrer\">36. Lauf rund um Burg<\/a><\/td>\n<\/tr>\n<tr>\n<td>Fr. 13.06.2025<\/td>\n<td><a href=\"http:\/\/www.mtv-heide.de\/\" target=\"blank\" rel=\"noopener noreferrer\">39. Abend-Stadtlauf Heide<\/a><\/td>\n<\/tr>\n<tr class=\"u\">\n<td>Fr. 20.06.2025<\/td>\n<td><a href=\"http:\/\/www.citylauf-brunsbuettel.de\/\" target=\"blank\" rel=\"noopener noreferrer\">23. Brunsb\u00fctteler Citylauf<\/a><\/td>\n<\/tr>\n<tr>\n<td>Fr. 04.07.2025<\/td>\n<td><a href=\"http:\/\/www.tsv-buesum.com\/Volkslauf\/startseite.htm\" target=\"blank\" rel=\"noopener noreferrer\">33. B\u00fcsumer Krabbenlauf<\/a><\/td>\n<\/tr>\n<tr class=\"u\">\n<td>Fr. 31.08.2025<\/td>\n<td><a href=\"https:\/\/seemeilenlauf.de\" target=\"blank\" rel=\"noopener noreferrer\">11. Seemeilenlauf<\/a> in Friedrichskoog<\/td>\n<\/tr>\n<tr>\n<td>Fr. 05.09.2025<\/td>\n<td><a href=\"http:\/\/www.suedseitenlauf.de\/\" target=\"blank\" rel=\"noopener noreferrer\">36. S\u00fcdseitenlauf Brunsb\u00fcttel<\/a><\/td>\n<\/tr>\n<tr class=\"u\">\n<td>So. 21.09.2025<\/td>\n<td><a href=\"http:\/\/www.kohltagelaufmarne.de\/index.php?id=54\" target=\"blank\" rel=\"noopener noreferrer\">24. Marner Kohltagelauf<\/a><\/td>\n<\/tr>\n<tr>\n<td>So. 26.10.2025<\/td>\n<td><a href=\"http:\/\/www.schafstedt.de\/html\/leichtathletik_herbstlauf_tsv.html\" target=\"blank\" rel=\"noopener noreferrer\">37. Schafstedter Herbstlauf<\/a><\/td>\n<\/tr>\n<tr class=\"u\">\n<td>Fr. 21.11.2025<\/td>\n<td>33. Siegerehrung in Friedrichskoog<\/td>\n<\/tr>\n<tr>\n<td colspan=\"2\">Veranstalter: Kreisleichtathletikverband Dithmarschen<br \/>\nLauftreffwart und Dithmarschen-Cup-Koordinator:<br \/>\nEgenhard Busack, Westerlandstr. 10, 25704 Epenw\u00f6hrden<br \/>\nTel.+ Fax: 04832-3541 &#8211; E-mail: <a href=\"mailto:egenhard(at)t-online.de\">Egenhard(at)t-online.de<\/a><\/td>\n<\/tr>\n<tr class=\"g\">\n<td colspan=\"2\">\n<h4><a href=\"http:\/\/steinburgcup.de\/\" target=\"blank\" rel=\"noopener noreferrer\">Steinburg-Cup 2025<\/a><\/h4>\n<p>Die besten 6 Wertungsl\u00e4ufe werden gez\u00e4hlt, der Rest sind Streichergebnisse.<br \/>\nFrauen, M\u00e4nner und Masters (bis W\/M 60): 10 Kilometer<br \/>\nSch\u00fcler:Innen (ab 10 Jahren), Jugendliche und Senior-Masters (ab W\/M 65): 5 Kilometer.<\/td>\n<\/tr>\n<tr class=\"u\">\n<td>Fr. 03.05.2025<\/td>\n<td><a href=\"http:\/\/www.huehnerbrueckenlauf.de\/\" target=\"blank\" rel=\"noopener noreferrer\">18. H\u00fchnerbr\u00fcckenlauf Herzhorn<\/a> &#8211; 9,9 km, 5,3 km<\/td>\n<\/tr>\n<tr>\n<td>Sa. 17.05.2025<\/td>\n<td><a href=\"http:\/\/www.stoerlauf.de\/\" target=\"blank\" rel=\"noopener noreferrer\">25. Itzehoer St\u00f6rlauf<\/a> &#8211; 10 km, 5 km<\/td>\n<\/tr>\n<tr class=\"u\">\n<td>Sa. 21.06.2025<\/td>\n<td><a href=\"https:\/\/www.dorflauf.de\/\" target=\"blank\" rel=\"noopener noreferrer\">25. Brockstedter Dorflauf<\/a> &#8211; 10,6 km, 5,3 km<\/td>\n<\/tr>\n<tr>\n<td>So. 12.07.2025<\/td>\n<td><a href=\"http:\/\/www.etsv-fortuna.de\/cl_frame.htm\" target=\"blank\" rel=\"noopener noreferrer\">30. Gl\u00fcckst\u00e4dter City-Lauf<\/a> &#8211; 10 km, 5,4 km<\/td>\n<\/tr>\n<p><!--\n\n\n<tr>\n\n\n<td>Sa. 02?.09.2023<\/td>\n\n\n\n\n<td><a href=\"http:\/\/www.vfl-kellinghusen.de\/lclauf\/erste.php\" target=\"blank\" rel=\"noopener noreferrer\">26. Kellinghusener Liliencronlauf<\/a> - 10 km, 5 km<\/td>\n\n\n<\/tr>\n\n\n--><\/p>\n<tr class=\"u\">\n<td>So. ??.09.2025<\/td>\n<td><a href=\"http:\/\/www.hohenasper-sc.de\/\" target=\"blank\" rel=\"noopener noreferrer\">19. Hohenasper Volkslauf<\/a> &#8211; 10,9 km, 4,8 km<\/td>\n<\/tr>\n<tr>\n<td>Sa. 13.09.2025<\/td>\n<td><a href=\"https:\/\/ts-schenefeld.de\/events\/scanafeld-lauf-2024\/\" target=\"blank\" rel=\"noopener noreferrer\">11. Scanafeld-Lauf<\/a> &#8211; 10 km, 5 km<\/td>\n<\/tr>\n<tr class=\"u\">\n<td>Sa. 20.09.2025<\/td>\n<td><a href=\"https:\/\/mtv-wilster.de\/sparten\/wilstermarschlauf\/\" target=\"blank\" rel=\"noopener noreferrer\">33. Wilstermarschlauf<\/a> &#8211; 10 km, 5 km<\/td>\n<\/tr>\n<tr>\n<td>Sa. 27.09.2025<\/td>\n<td><a href=\"http:\/\/tsv-lola.de\/\" target=\"blank\" rel=\"noopener noreferrer\">23. Hohenlockstedter Pellkartoffellauf<\/a> &#8211; 10 km, 5 km<\/td>\n<\/tr>\n<tr class=\"u\">\n<td>Fr. ??.11.2025<\/td>\n<td>Siegerehrung 18:30 Uhr im Muschelsaal des Steinburger Kreistags, Viktoriastra\u00dfe<\/td>\n<\/tr>\n<\/tbody>\n<\/table>\n","protected":false},"excerpt":{"rendered":"<p>Ferien 2024\/2025 in Schleswig-Holstein Weihnachten Ostern Sommer Herbst 19.12.-07.01. 11.04.-25.04. 28.07.-06.09. 20.10.-30.10. 31. Zippel\u00b4s Kiel-Cup 2025 5 von 7 Wertungsl\u00e4ufen werden bei den Erwachsenen gez\u00e4hlt &#8211; f\u00fcr die Sch\u00fclerwertung werden Holtsee, Holtenau, Kiel und Bordesholm gewertet, jeweils die Kurzstrecken. So. 30.03.2025 35. Kieler Hochbr\u00fcckenlauf &#8211; 15,7 km Fr. 11.05.2025 2. Holtseelauf &#8211; 10 km Fr. &hellip; <a href=\"https:\/\/www.vflbokel.de\/alg\/termine\/regionalcups\/\" class=\"more-link\"><span class=\"screen-reader-text\">Regionalcup-Wertungen in SH<\/span> weiterlesen <span class=\"meta-nav\">&rarr;<\/span><\/a><\/p>\n","protected":false},"author":3,"featured_media":0,"parent":8,"menu_order":8,"comment_status":"closed","ping_status":"closed","template":"","meta":{"footnotes":""},"class_list":["post-967","page","type-page","status-publish","hentry"],"_links":{"self":[{"href":"https:\/\/www.vflbokel.de\/alg\/wp-json\/wp\/v2\/pages\/967","targetHints":{"allow":["GET"]}}],"collection":[{"href":"https:\/\/www.vflbokel.de\/alg\/wp-json\/wp\/v2\/pages"}],"about":[{"href":"https:\/\/www.vflbokel.de\/alg\/wp-json\/wp\/v2\/types\/page"}],"author":[{"embeddable":true,"href":"https:\/\/www.vflbokel.de\/alg\/wp-json\/wp\/v2\/users\/3"}],"replies":[{"embeddable":true,"href":"https:\/\/www.vflbokel.de\/alg\/wp-json\/wp\/v2\/comments?post=967"}],"version-history":[{"count":95,"href":"https:\/\/www.vflbokel.de\/alg\/wp-json\/wp\/v2\/pages\/967\/revisions"}],"predecessor-version":[{"id":8595,"href":"https:\/\/www.vflbokel.de\/alg\/wp-json\/wp\/v2\/pages\/967\/revisions\/8595"}],"up":[{"embeddable":true,"href":"https:\/\/www.vflbokel.de\/alg\/wp-json\/wp\/v2\/pages\/8"}],"wp:attachment":[{"href":"https:\/\/www.vflbokel.de\/alg\/wp-json\/wp\/v2\/media?parent=967"}],"curies":[{"name":"wp","href":"https:\/\/api.w.org\/{rel}","templated":true}]}}