{"id":410,"date":"2016-01-23T18:15:45","date_gmt":"2016-01-23T17:15:45","guid":{"rendered":"http:\/\/gamma.vflbokel.de\/?page_id=410"},"modified":"2026-04-11T15:03:30","modified_gmt":"2026-04-11T13:03:30","slug":"juli-aug","status":"publish","type":"page","link":"https:\/\/www.vflbokel.de\/alg\/termine\/juli-aug\/","title":{"rendered":"Lauftermine Juli \/ August"},"content":{"rendered":"<h4>Ferien 2025\/2026 in Schleswig-Holstein<\/h4>\n<table style=\"width: 400px;\" border=\"1\" cellspacing=\"0\" align=\"center\">\n<tbody>\n<tr>\n<td style=\"padding: 2px;\">Weihnachten<\/td>\n<td style=\"padding: 2px;\">Ostern<\/td>\n<td style=\"padding: 2px;\">Sommer<\/td>\n<td style=\"padding: 2px;\">Herbst<\/td>\n<\/tr>\n<tr>\n<td style=\"padding: 2px;\">19.12.-06.01.<\/td>\n<td style=\"padding: 2px;\">26.03.-10.04.<\/td>\n<td style=\"padding: 2px;\">04.07.-15.08.<\/td>\n<td style=\"padding: 2px;\">12.10.-24.10.<\/td>\n<\/tr>\n<\/tbody>\n<\/table>\n<p><img loading=\"lazy\" decoding=\"async\" class=\"alignnone size-full wp-image-334\" src=\"\/alg\/wp-content\/uploads\/Massband.jpg\" alt=\"vermessene Strecke\" width=\"69\" height=\"30\" \/> = vermessene Strecke<\/p>\n<p><!--\n\n\n\n<tr>\n\n\n<td>--.08.2024?<\/td>\n\n\n\n\n<td>Einzel:\n09.00 UhrStaffeln:\n09.00 Uhr<\/td>\n\n\n\n\n<td>37,2 km\n20,- \u20ac\nMarathon:\n25,- \u20ac<\/td>\n\n\n\n\n<td><a title=\"Landschaftslauf\" href=\"http:\/\/www.lauf-festival-ploener-see.de\/\" target=\"blank\" rel=\"noopener noreferrer\"><b>39. Lauffestival \"Gro\u00dfer Pl\u00f6ner See\"<\/b><\/a>\n! fand auch 2024 nicht statt - \u00fcber 2025 wird verhandelt !\n\n37,2 km und Marathon - meiner Meinung nach der sch\u00f6nste <b>Landschaftslauf<\/b> in Schleswig-Holstein - viel Wald, viel Wasser, viele H\u00fcgel - anspruchsvoll und mitunter sehr hei\u00df - f\u00fcr Kurzstreckler gibt es jetzt auch den 7,5 km-Lauf um die Prinzeninsel f\u00fcr 10,- \u20ac<\/td>\n\n\n<\/tr>\n\n\n\n\n\n\n\n<tr class=\"\">\n\n\n<td>??.08.2017<\/td>\n\n\n\n\n<td>09:30\n-\n10:15 Uhr<\/td>\n\n\n\n\n<td>6,- &euro;<\/td>\n\n\n\n\n<td><a href=\"http:\/\/www.garbek-lauf.de\/\" target=\"blank\" rel=\"noopener noreferrer\"><b>19. Garbek-Lauf<\/b><\/a>\n\n6 km, 10 km und HM - wechselnde Laufuntergr&uuml;nde durch Feld und Wald am Rande der holsteinischen Schweiz mit Blick auf den <b>Wardersee<\/b> bei Bad Segeberg - der HM ist seit 2008 mit im Programm - klingt reizvoll, oder?<\/td>\n\n\n<\/tr>\n\n\n\n\n<tr class=\"\">\n\n\n<td>11.07.2015<\/td>\n\n\n\n\n<td>14.00 Uhr<\/td>\n\n\n\n\n<td>6,- &euro;<\/td>\n\n\n\n\n<td><a href=\"http:\/\/www.tsvhusum.de\/24-stunden-lauf-infos\" target=\"blank\" rel=\"noopener noreferrer\">\n<b> 24-Stunden-Lauf<\/b><\/a> in Husum\n\nes d\u00fcrfen Einzell\u00e4ufer, Mannschaften und Nordic-Walker teilnehmen -\nStartgeb\u00fchren f\u00fcr Teams sind nach Personenzahl gestaffelt -\nOrt des Geschehens ist das Stadion an der Adolf-Br\u00fctt-Stra\u00dfe<\/td>\n\n\n<\/tr>\n\n\n\n\n<tr class=\"tg\">\n\n\n<td>07.07.2005<\/td>\n\n\n\n\n<td>1000m:\n18.15 Uhr\n\n3000m:\n18.45 Uhr<\/td>\n\n\n\n\n<td>5,- &euro;<\/td>\n\n\n\n\n<td><img loading=\"lazy\" decoding=\"async\" src=\"..\/..\/res\/Massband.gif\" width=\"50\" height=\"23\" border=\"0\" align=\"right\" alt=\"amtlich vermessen\" \/>\n<a href=\"http:\/\/laufteam.thwkiel.de\/\" target=\"blank\" rel=\"noopener noreferrer\">\n<b>Kieler Bahnlaufabend im Unistadion<\/b><\/a>\n\nEtwas f&uuml;r Kurzstreckenfetischisten und Laktatjunkies: 1000 m und 3000 m -\nVeranstalter ist der THW Kiel, das Ergebnis ist bestenlistentauglich.<\/td>\n\n\n<\/tr>\n\n\n\n\n<tr class=\"tg\">\n\n\n<td>?.07.2009<\/td>\n\n\n\n\n<td>19.00 Uhr<\/td>\n\n\n\n\n<td>3,50 &euro;<\/td>\n\n\n\n\n<td>\n <b><a href=\"todenbuettel2009.pdf\">Volkslauf Todenb\u00fcttel<\/a><\/b>\n3 km, 5 km und 10 km - zwischen Hohenwestedt und Hademarschen liegt der kleine Ort\nmalerisch zwischen Wald und Moor - ein Grund, sich die Landschaft zu erlaufen oder zu erwalken.<\/td>\n\n\n<\/tr>\n\n\n\n\n<tr class=\"\">\n\n\n<td>17.07. - 21.07.2017<\/td>\n\n\n\n\n<td>19.00 Uhr<\/td>\n\n\n\n\n<td>30,- &euro;<\/td>\n\n\n\n\n<td><a href=\"http:\/\/www.5-tage-marathon.de\/\" target=\"blank\" rel=\"noopener noreferrer\"><b>11. (und letzter) 5-Tage-Marathon<\/b><\/a>\n\nSchade, nach dem gro&szlig;en Erfolg der ersten 10 Jahre geht es 2017 zum letzten Mal auf die f\u00fcnf <b>Etappen<\/b>, da sich die LG Trappenkamp aufl\u00f6sen wird - Marathon als Gesamtdistanz - immer abends um 19.00 Uhr - gelaufen wird in Daldorf, Negernb&ouml;tel, Stocksee, Rickling und Trappenkamp -\nein Kultlauf geht zu Ende ...<\/td>\n\n\n<\/tr>\n\n\n\n\n<tr>\n\n\n<td>??.07.2024<\/td>\n\n\n\n\n<td>10.00 Uhr<\/td>\n\n\n\n\n<td>Jug. 10,- \u20ac\nErw. 15,- \u20ac<\/td>\n\n\n\n\n<td><a href=\"https:\/\/www.hohwachterbucht.de\/files\/bilder\/veranstaltungen\/Alpenlauf\/2019\/Web_Alpenlauf_Flyer_2019.pdf\" target=\"blank\" rel=\"noopener noreferrer\"><b>8. Alpen-Lauf Hohwacht<\/b><\/a>\n\n<strong>?? findet er 2023 wieder statt ??<\/strong>\n5 km und 10 km - nat\u00fcrlich geht es hier nicht in die Alpen, sondern der Hauptsponsor ist ein Edeka-Markt namens <strong>\"Alpen\"<\/strong> - dieser Lauf ist neu in unserem Terminkalender, ich habe ihn erst 2019 gefunden - die (zugegebenerma\u00dfen hohen) Startgelder gehen als Spende an ein Krankenhausprojekt f\u00fcr Krebspatienten - 5 km auch f\u00fcr Walker<\/td>\n\n\n<\/tr>\n\n\n\n\n<tr>\n\n\n<td>??.08.2024\n\nFreitag<\/td>\n\n\n\n\n<td>4,9 km:\n17.45 Uhr\n\n9,3 km:\n18.45 Uhr<\/td>\n\n\n\n\n<td>beide L\u00e4ufe\n4,50 \u20ac<\/td>\n\n\n\n\n<td><b><a href=\"https:\/\/www.hsg-fockbek-nuebbel.de\/index.php\/news\/160-festlauf-2019\" target=\"blank\" rel=\"noopener noreferrer\">18. Fockbeker Festlauf<\/a><\/b>\n\n4,9 km und 9,3 km durch die Gemeinde im Westen von Rendsburg - der Festlauf findet anl\u00e4sslich des Aalversuperdaags (Dorffest) statt.\n<b>Altersklassen<\/b>: bis 19 J., 19-34 J., 35-44 J., 45-54 J., \u00fcber 55 J.<\/td>\n\n\n<\/tr>\n\n\n\n\n<tr>\n\n\n<td>??.08.2023<\/td>\n\n\n\n\n<td>20 km:\n09.00 Uhr\n10 km:\n09.15 Uhr\n5,5 km:\n09.25 Uhr<\/td>\n\n\n\n\n<td>alle L\u00e4ufe 10,- \u20ac<\/td>\n\n\n\n\n<td><img loading=\"lazy\" decoding=\"async\" class=\"alignnone size-full wp-image-334\" src=\"\/alg\/wp-content\/uploads\/Massband.jpg\" alt=\"vermessene Strecke\" width=\"69\" height=\"30\"><a title=\"Mit Blick auf die Fehmarnbelt-Br\u00fccke\" href=\"http:\/\/www.sundlauf.de\/\" target=\"blank\" rel=\"noopener noreferrer\"><b>36. Sund- und K\u00fcstenlauf<\/b><\/a>\n\n5,5 km, 10 km und 20 km - im Ostsee-Heilbad <b>Gro\u00dfenbrode<\/b> am Fehmarnbelt allzeit frischer Wind und klares Wasser.<\/td>\n\n\n<\/tr>\n\n\n\n\n<tr>\n\n\n<td>??.07.2024<\/td>\n\n\n\n\n<td>7 km:\n13.00 Uhr\n21 km:\n13.15 Uhr<\/td>\n\n\n\n\n<td>16,- \u20ac\n\n26,- \u20ac<\/td>\n\n\n\n\n<td><a href=\"http:\/\/www.gegendenwind.com\/\" target=\"blank\" rel=\"noopener noreferrer\"><b>17. \"Gegen den Wind\" - Lauf<\/b><\/a>\n\n7 km und 21 km in St. Peter-Ording - wird zwar als HM ausgeschrieben, ist aber etwas l\u00e4nger. Bietet sich hervorragend f\u00fcr ein Wochenende an der <b>Nordsee<\/b> an - an einem der gr\u00f6\u00dften Str\u00e4nde, die unser Land zu bieten hat.<\/td>\n\n\n<\/tr>\n\n\n\n\n<tr>\n\n\n<td>--.--.20--<\/td>\n\n\n\n\n<td>10.00 Uhr<\/td>\n\n\n\n\n<td>8,- \u20ac<\/td>\n\n\n\n\n<td><b><a href=\"http:\/\/www.diekseelauf.de\/\" target=\"blank\" rel=\"noopener noreferrer\">20. Dieksee-Lauf Malente<\/a><\/b>\n<strong>! findet vorerst leider nicht mehr statt !<\/strong>\n\neine 11,5 km-Runde um den <b>Dieksee<\/b> - angeboten werden auch 5 km als Wendepunktstrecke - inzwischen kenne ich diese herrliche Gegend - der Lauf geh\u00f6rt sicher zu den landschaftlich sch\u00f6nsten im Lande - Holsteinische Schweiz at it's Best ...<\/td>\n\n\n<\/tr>\n\n\n\n\n<tr>\n\n\n<td>??.08.2024<\/td>\n\n\n\n\n<td>10.00 Uhr<\/td>\n\n\n\n\n<td>12,- \u20ac<\/td>\n\n\n\n\n<td><a href=\"https:\/\/www.quickbo-run.de\/himmelmoorlauf.php\" target=\"blank\" rel=\"noopener noreferrer\"><b>13. Himmelmoorlauf <\/b><\/a>\n\n4,1 km und 9,1 km - der Lions-Club Quickborn l\u00e4dt zu einem Wald- und Torflauf durchs nahegelegene Naturschutzgebiet ein - der Erl\u00f6s wird f\u00fcr wohlt\u00e4tige Zwecke eingesetzt - Start und Ziel sind am Torfwerk - 4,1 km k\u00f6nnen auch gewalkt werden.<\/td>\n\n\n<\/tr>\n\n\n\n\n<tr>\n\n\n<td>--.08.2025<\/td>\n\n\n\n\n<td>18.00 - 20.00 Uhr<\/td>\n\n\n\n\n<td>4,- \u20ac<\/td>\n\n\n\n\n<td><img loading=\"lazy\" decoding=\"async\" class=\"alignnone size-full wp-image-334\" src=\"\/alg\/wp-content\/uploads\/Massband.jpg\" alt=\"vermessene Strecke\" width=\"69\" height=\"30\" \/><a href=\"https:\/\/leichtathletik.vfl-oldesloe.de\/events\/categories\/wettkaempfe\/\" target=\"_blank\" rel=\"noopener noreferrer\"><b>42. L\u00e4uferabendserie Bad Oldesloe<\/b><\/a> - 2. Abend\n\nOhne Meisterschaftsstress treffen sich laufbegeisterte Sportler im Travestadion am Konrad-Adenauer-Ring - L\u00e4ufe \u00fcber 100m, 200m, 400m, 800m, 1500m und 5000m werden angeboten.<\/td>\n\n\n<\/tr>\n\n\n--><\/p>\n<table border=\"2\" cellspacing=\"0\" align=\"center\">\n<tbody>\n<tr class=\"u\">\n<th width=\"90\">Datum<\/th>\n<th width=\"90\">Startzeit<\/th>\n<th width=\"90\">Startgeld<\/th>\n<th width=\"550\">Veranstaltung<\/th>\n<\/tr>\n<tr>\n<td>01.07.2026<\/td>\n<td>19.00 Uhr<\/td>\n<td>6,- \u20ac<br \/>\n8,- \u20ac<\/td>\n<td><a href=\"http:\/\/www.hohner-see-lauf.de\/\" target=\"blank\" rel=\"noopener noreferrer\"><b>23. Hohner-See-Lauf<\/b><\/a><\/p>\n<p>sch\u00f6ner Landschaftslauf durch das Naturschutzgebiet nahe Rendsburg &#8211;<br \/>\nStart ist am Sportplatz des Ortes, der durch den <b>Flugplatz<\/b> des Lufttransport-<br \/>\ngeschwaders 63 bekannt geworden ist &#8211; 2012 hat mit Niels Schnoor erstmals<br \/>\nein ALG&#8217;ler die Langstrecke gewonnen &#8211; 2023 wird sie (10,4 km) nach l\u00e4ngerer<br \/>\nPause auch wieder angeboten &#8211; neben der Kurzstrecke \u00fcber 6 km.<\/td>\n<\/tr>\n<tr>\n<td>03.07.2026<\/td>\n<td>5,5 km:<br \/>\n18:45 Uhr<br \/>\n10 km:<br \/>\n19:00 Uhr<\/td>\n<td>Erw. 12,- \u20ac<br \/>\nJug. 6,- \u20ac<\/td>\n<td><img loading=\"lazy\" decoding=\"async\" class=\"alignnone size-full wp-image-334\" src=\"\/alg\/wp-content\/uploads\/Massband.jpg\" alt=\"vermessene Strecke\" width=\"69\" height=\"30\" \/><a href=\"http:\/\/www.tsv-buesum.de\/\" target=\"blank\" rel=\"noopener noreferrer\"><b>33. B\u00fcsumer Volkslauf<\/b><\/a><\/p>\n<p>5,5 km und 10 km &#8211; bei allem, was mit Krabben zu tun hat, ist nat\u00fcrlich <b>B\u00fcsum<\/b> die richtige Adresse (wird hier eigentlich nach Krabbenart auch seitw\u00e4rts gelaufen?) &#8211; die 10 km sind amtlich vermessen.<\/td>\n<\/tr>\n<tr>\n<td>04.07.2026<\/td>\n<td>ab 09.15 Uhr<\/td>\n<td>5 km: 10,-\u20ac<br \/>\n10 km: 16,-\u20ac<br \/>\n15 km: 19,-\u20ac<br \/>\nHM km: 23,-\u20ac<\/td>\n<td><img loading=\"lazy\" decoding=\"async\" class=\"alignnone size-full wp-image-334\" src=\"\/alg\/wp-content\/uploads\/Massband.jpg\" alt=\"vermessene Strecke\" width=\"69\" height=\"30\" \/><a href=\"http:\/\/www.fuenf-seen-lauf.de\/\" target=\"blank\" rel=\"noopener noreferrer\"><b>40. Schweriner F\u00fcnf-Seen-Lauf<\/b><\/a><\/p>\n<p>5 km, 10 km, 15 km und HM &#8211; eine Anmeldung zu dem Kult-Lauf in MeckPomm lohnt sich auf jeden Fall &#8211; nicht nur wegen der sch\u00f6nen Strecke, auch die<br \/>\n<b>Landeshauptstadt Schwerin<\/b> hat sich gemausert &#8211; das Schloss samt Garten ist wirklich sehenswert &#8211; die alte 30 km-Strecke wurde 2018 durch einen Halbmarathon ersetzt und ein 5 km-Kurzlauf zus\u00e4tzlich ins Programm genommen &#8211;<br \/>\n5 km und 10 km k\u00f6nnen auch gewalkt werden.<\/td>\n<\/tr>\n<tr>\n<td>07.07.2026<br \/>\n(Dienstag)<\/td>\n<td>beide L\u00e4ufe19.00 Uhr<\/td>\n<td>5,-\/10,- \u20ac<\/td>\n<td><a href=\"https:\/\/my.raceresult.com\/389188\/\" target=\"blank\" rel=\"noopener noreferrer\"><b>34. Breiholzer Sportwochenlauf<\/b><\/a><\/p>\n<p>5,25 km und 10,2 km &#8211; Dorflauf anl\u00e4sslich der <b>Breiholzer Sportwoche<\/b><br \/>\nin der Gemeinde am Nord-Ostsee-Kanal &#8211;<br \/>\nAltersklassen: bis 20J., 21-33 J., 34-45 J., 46-65 J. und \u00fcber 65 J.<\/td>\n<\/tr>\n<tr>\n<td>10.07.2026<\/td>\n<td>ab 19.00 Uhr<\/td>\n<td>3,- \u20ac<\/td>\n<td><a href=\"https:\/\/www.borener-sv.de\/borener-meile\" target=\"blank\" rel=\"noopener noreferrer\"><b>35. Borener Meile<\/b><\/a><\/p>\n<p>Der Kurzstrecken-Kultlauf in Boren nahe der Schlei findet alle Jahre wieder seine Fans &#8211; Lauf \u00fcber eine Meile = <b>1609,34 m<\/b> am Freitagabend.<\/td>\n<\/tr>\n<tr>\n<td>12.07.2026<\/td>\n<td>10.00 Uhr<\/td>\n<td>10,8 km:<br \/>\n10,- \u20ac<br \/>\n21,6 km:<br \/>\n15,- \u20ac<br \/>\n43,2 km:<br \/>\n20,- \u20ac<\/td>\n<td><a href=\"https:\/\/my.raceresult.com\/314983\/\" target=\"blank\" rel=\"noopener noreferrer\"><b>3. N\u00fcbel-Marathon<\/b><\/a><\/p>\n<p>10,8 km, HM und M &#8211; die anspruchsvolle Strecke verl\u00e4uft zu ca. 50% auf Wald-, Feld- und Wanderwegen und zu 50% auf Asphaltstra\u00dfen in der sch\u00f6nen, h\u00fcgeligen Landschaft von S\u00fcdangeln mit Blick bis zum Schleswiger Dom auf einem Rundkurs von ca. 10,8 km &#8211; die Strecken sind nicht amtlich vermessen &#8211; es wird auch ein Staffelmarathon angeboten, eine Staffel kann aus zwei, drei oder vier L\u00e4ufern bestehen.<\/td>\n<\/tr>\n<tr>\n<td>12.07.2026<\/td>\n<td>ab 08.30 Uhr<\/td>\n<td>alle L\u00e4ufe 6,-\/9,- \u20ac<\/td>\n<td><a href=\"http:\/\/www.svg-poenitz.de\/de\/volkslauf\/sommerlauf-2024\/\" target=\"blank\" rel=\"noopener noreferrer\"><b>41. P\u00f6nitzer Volkslauf<\/b><\/a><\/p>\n<p>5 km, 10 km und HM &#8211; sch\u00f6ner Lauf \u00fcber die <b>H\u00fcgel Ostholsteins<\/b> vorbei an W\u00e4ldern und Seen &#8211; 5 und 10 km auch f\u00fcr Walker<\/td>\n<\/tr>\n<tr>\n<td>24.07.2026<\/td>\n<td>5 km:<br \/>\n18.00 Uhr<br \/>\n10 km:<br \/>\n19.00 Uhr<\/td>\n<td>8,- \u20ac<br \/>\n10,- \u20ac<\/td>\n<td><img loading=\"lazy\" decoding=\"async\" class=\"alignnone size-full wp-image-334\" src=\"\/alg\/wp-content\/uploads\/Massband.jpg\" alt=\"vermessene Strecke\" width=\"69\" height=\"30\" \/><a href=\"http:\/\/www.windmuehlenlauf.de\" target=\"blank\" rel=\"noopener noreferrer\"><b>20. Bokeler Windm\u00fchlenlauf<\/b><\/a><\/p>\n<p>5 km und 10 km &#8211; 2025 erstmals an einem Freitagabend &#8211; auf einer schnellen Wendepunktstrecke geht es vom Dorfgemeinschaftshaus Richtung S\u00fcden und zwischen den riesigen <b>Windgeneratoren<\/b> hindurch, die seit einigen Jahren unseren Holsteiner Wind zur Stromerzeugung nutzen &#8211; Sch\u00fcler bis 14 J. zahlen nur 2,- \u20ac Startgeld!<\/td>\n<\/tr>\n<tr>\n<td>24.07.2026<\/td>\n<td>23.00 Uhr!<\/td>\n<td>18,- \u20ac<\/td>\n<td><img loading=\"lazy\" decoding=\"async\" class=\"alignnone size-full wp-image-334\" src=\"\/alg\/wp-content\/uploads\/Massband.jpg\" alt=\"vermessene Strecke\" width=\"69\" height=\"30\" \/><b><a title=\"Wer l\u00e4uft so sp\u00e4t durch Nacht und Wind?\" href=\"http:\/\/lauf.mitternachtslauf.com\" target=\"_blank\" rel=\"noopener noreferrer\">37. Mitternachtslauf Heiligenhafen<\/a><\/b><\/p>\n<p>Seit \u00fcber 30 Jahren ist dieser 10 km-Lauf eine Attraktion &#8211; \u00fcber 1000 Teilnehmer sprechen f\u00fcr sich! Drei Jahre wurde er wegen Corona abgesagt, jetzt gibt es ihn wieder. Schon mal nachts gelaufen? Die Strecke ist beleuchtet und die Stimmung <b>bei Dunkelheit<\/b> ist einfach einzigartig.<\/td>\n<\/tr>\n<tr>\n<td>01.08.2026<\/td>\n<td>5 km:<br \/>\n19.00 Uhr<br \/>\n10 km:<br \/>\n20.00 Uhr<\/td>\n<td>ab 30,- \u20ac<\/td>\n<td><img loading=\"lazy\" decoding=\"async\" class=\"alignnone size-full wp-image-334\" src=\"\/alg\/wp-content\/uploads\/Massband.jpg\" alt=\"vermessene Strecke\" width=\"69\" height=\"30\" \/><a href=\"http:\/\/www.berliner-citynacht.de\/\" target=\"blank\" rel=\"noopener noreferrer\"><b>34. Berliner City-Nacht<\/b><\/a><\/p>\n<p>Der gro\u00dfe 10 km-Abendlauf durch die <b>Hauptstadt<\/b> &#8211; Ku&#8217;damm rauf und runter, zwischendurch noch eine Schleife durch die Kantstra\u00dfe, damit die Distanz auch stimmt &#8211; Volksfest-Stimmung mit Massen an L\u00e4ufern und Zuschauern &#8211; jetzt auch f\u00fcr Inline-Skater (10 km, Start: 19.00 Uhr).<\/td>\n<\/tr>\n<tr>\n<td>02.08.2026<\/td>\n<td>ab 13.00 Uhr<\/td>\n<td>0,- \u20ac!<\/td>\n<td><a href=\"https:\/\/www.dfk.org\/fkk-erleben\/naturistenlauf\" target=\"blank\" rel=\"noopener noreferrer\"><b>17. Internationaler Naturistenlauf<\/b><\/a><\/p>\n<p>5 km und 10 km &#8211; Nackedeis, aufgepasst!<br \/>\nNicht weit von Dahme in der L\u00fcbecker Bucht liegt der Campingplatz &#8222;Rosenfelder Strand&#8220; &#8211; dort findet seit 2008 allj\u00e4hrlich ein Nudistenlauf statt &#8211; Laufschuhe und -socken sind erlaubt, f\u00fcr Frauen auch ein Sport-BH, ansonsten l\u00e4uft mann\/frau nackt &#8211; angeboten werden 5 km und 10 km sowie 5 km Walking &#8211; keine Startgeb\u00fchr! &#8211; und ganz neu jetzt: 5 x 500m Laser Run, eine Art Biathlon mit Laserpistole.<\/td>\n<\/tr>\n<tr>\n<td>01.08.2026<\/td>\n<td>ab 13.30 Uhr<\/td>\n<td>5,- \u20ac<\/td>\n<td><a href=\"https:\/\/ladv.de\/ausschreibung\/detail\/37453\/2.-Markttagelauf-Bredstedt.htm\" target=\"blank\" rel=\"noopener noreferrer\"><b>4. Bredstedter Markttagelauf<\/b><\/a><\/p>\n<p>2,5 km und 5 km &#8211; ein neuer Lauf in der nordfriesischen Kleinstadt &#8211; die Strecken sind als Rundkurs ausgelegt, jedoch nicht offiziell vermessen &#8211; Der \u00dcberschuss dieser Laufveranstaltung kommt dem Wilhelminen Hospiz Nieb\u00fcll zugute.<\/td>\n<\/tr>\n<tr>\n<td>02.08.2026<\/td>\n<td>5km:<br \/>\n12.00 Uhr<br \/>\n10 km:<br \/>\n12.15 Uhr<\/td>\n<td>8,- \u20ac<br \/>\n10,- \u20ac<\/td>\n<td><img loading=\"lazy\" decoding=\"async\" class=\"alignnone size-full wp-image-334\" src=\"\/alg\/wp-content\/uploads\/Massband.jpg\" alt=\"vermessene Strecke\" width=\"69\" height=\"30\" \/><a title=\"Reif f\u00fcr die Insel?\" href=\"https:\/\/www.foehr.de\/stadtlauf\" target=\"blank\" rel=\"noopener noreferrer\"><b>28. Wyker Stadtlauf<\/b><\/a><\/p>\n<p>5 km und 10 km &#8211; Wie w\u00e4r&#8217;s mit einem Aktiv-Wochenende auf der sch\u00f6nen <b>Nordseeinsel F\u00f6hr<\/b>? Beim Start und Ziel auf der Kurpromenade ist immer eine hervorragende Stimmung und der Badestrand liegt gleich nebenan &#8211; 2022 wird nach 2 Jahren virtuell wieder normal mit festen Startzeiten gelaufen.<\/td>\n<\/tr>\n<tr class=\"\">\n<td>08.08.2026<\/td>\n<td>12:00 Uhr<\/td>\n<td>18,- \u20ac<\/td>\n<td><a href=\"https:\/\/my.raceresult.com\/384206\/info\" target=\"blank\" rel=\"noopener noreferrer\"><b>1. Eckernf\u00f6rder Biermeile<\/b><\/a><\/p>\n<p>1,6 km &#8211; Premierenlauf in Eckernf\u00f6rde &#8211; Damen und Herren starten getrennt mit 15 Minuten Abstand &#8211; Veranstaltungsort ist der Sportplatz Wulfsteert nahe der B203 &#8211; es gelten die <a href=\"https:\/\/bier-meile.com\/blog\/Regeln_der_Biermeile\" target=\"_blank\" rel=\"noopener\"><strong>Biermeilen-Regeln<\/strong><\/a> &#8211; da ist ein robuster Magen erforderlich!<\/td>\n<\/tr>\n<tr>\n<td>08.08.2026<\/td>\n<td>Zeitplan<br \/>\nsiehe<br \/>\nSHLV<\/td>\n<td>nach SHLV<\/td>\n<td><span style=\"color: #ff0000;\"><b>!<\/b><\/span><a href=\"https:\/\/www.shlv.de\/wettkampfkalender\" target=\"blank\" rel=\"noopener noreferrer\"><b> Landesmeisterschaften 10 000 m Bahnlauf<\/b><\/a><span style=\"color: #ff0000;\"><b> !<\/b><\/span><\/p>\n<p>M\u00e4nner, Frauen, Senioren und Seniorinnen &#8211; dieses Jahr wieder in Hamburg im Hammer Park &#8211; gemeinsam mit dem Hamburger Leichtathletik-Verband.<\/td>\n<\/tr>\n<tr>\n<td>09.08.2026<\/td>\n<td>ab 09.00 Uhr<\/td>\n<td>5 km<br \/>\n11,- \u20ac<br \/>\n10 km:<br \/>\n15,- \u20ac<br \/>\nHM:<br \/>\n17,- \u20ac<\/td>\n<td><img loading=\"lazy\" decoding=\"async\" class=\"alignnone size-full wp-image-334\" src=\"\/alg\/wp-content\/uploads\/Massband.jpg\" alt=\"vermessene Strecke\" width=\"69\" height=\"30\" \/><a title=\"ein toller HM\" href=\"http:\/\/www.tsv-neustadt-europalauf.de\/\" target=\"blank\" rel=\"noopener noreferrer\"><b>39. Europalauf in Neustadt\/Holstein<\/b><\/a><\/p>\n<p>einer der traditionsreichsten Halbmarathons Schleswig-Holsteins &#8211; seit 2008 neue Streckenf\u00fchrung mit viel Sicht auf die <b>Ostsee<\/b>.<br \/>\nBestimmt ist ein ebenso sch\u00f6ner Lauf in einer tollen Gegend zu erwarten wie in fr\u00fcheren Jahren auf anderer Strecke; sehr gut besetzt &#8211; es gibt Siegpr\u00e4mien und eine HM-Mannschaftswertung, und die 5 km k\u00f6nnen auch gewalkt werden.<\/td>\n<\/tr>\n<tr>\n<td>15.08.2026<\/td>\n<td>ab 16.00 Uhr<\/td>\n<td>14,- \u20ac<br \/>\n7,- \u20ac<\/td>\n<td><img loading=\"lazy\" decoding=\"async\" class=\"alignnone size-full wp-image-334\" src=\"\/alg\/wp-content\/uploads\/Massband.jpg\" alt=\"vermessene Strecke\" width=\"69\" height=\"30\" \/><a href=\"https:\/\/sportinhusum.de\/sportangebot\/outdoor\/lav\/veranstaltungen\/hafentagelauf\/\" target=\"blank\" rel=\"noopener noreferrer\"><b>38. Husumer Hafentagelauf<\/b><\/a><\/p>\n<p>2,66 km und 10 km &#8211; eines der gr\u00f6\u00dften Volksfeste im Norden, und Sonnabend ist immer L\u00e4uferfest &#8211; einmal oder viermal geht es auf die 2,5 km-Runde durchs <b>Hafenviertel<\/b>.<\/td>\n<\/tr>\n<tr>\n<td>21.08.2026<\/td>\n<td>1,5 km:<br \/>\nab 16.45 Uhr<br \/>\n5 km:<br \/>\nab 18.15 Uhr<br \/>\n10 km:<br \/>\nab 18.45 Uhr<br \/>\n15 km:<br \/>\nab 18.45 Uhr<\/td>\n<td>8,-\/10,-\/ 12,-\/14,- \u20ac<\/td>\n<td><a href=\"https:\/\/buntekuhlauf.scb-luebeck.de\/\" target=\"blank\" rel=\"noopener noreferrer\"><b>18. Buntekuh-Lauf L\u00fcbeck<\/b><\/a><\/p>\n<p>5 km, 10 km und 15 km &#8211; Start und Ziel sind auf dem Sportplatz am Koggenweg in L\u00fcbeck-Buntekuh &#8211; die 5 km werden auch als Walking angeboten. Die Namen der L\u00e4ufe sind originell und deutschlandweit wohl einmalig:\u00a0 K\u00e4lbchenlauf, Rindermarsch, Ochsentour, B\u00fcffel-Run.<\/td>\n<\/tr>\n<tr>\n<td>23.08.2026<\/td>\n<td>3 km:<br \/>\n10.15 Uhr<br \/>\n8,5km:<br \/>\n11.00 Uhr<\/td>\n<td>7,- \u20ac<br \/>\n11,- \u20ac<\/td>\n<td><b><a href=\"https:\/\/volkslauf-bad-segeberg.de\/\" target=\"_blank\" rel=\"noopener noreferrer\">14. Segeberger Seelauf<\/a><\/b><\/p>\n<p>3,5 km und 8,5 km &#8211; auf einer auch landschaftlich reizvollen Strecke geht es vorbei am Kalkberg, rund um den gro\u00dfen Segeberger See und ein St\u00fcckchen durch die Stadt.<\/td>\n<\/tr>\n<tr>\n<td>29.08.2025<\/td>\n<td>5 km: 18.00 Uhr10 km: 18.10 Uhr<\/td>\n<td>5km: 8,- \u20ac10km: 10,- \u20ac<\/td>\n<td><a href=\"https:\/\/www.tus-holtenau.de\/Aktuelles\/Stra\u00dfenlauf\" target=\"blank\" rel=\"noopener noreferrer\"><b><br \/>\n30. Lauf rund um den Holtenauer Leuchtturm<\/b><\/a><br \/>\nWertungslauf zum <a href=\"http:\/\/www.zippels.de\/zippels-cup.html\" target=\"blank\" rel=\"noopener noreferrer\">Zippel&#8217;s Kiel-Cup<\/a><\/p>\n<p>5 km und 10 km &#8211; eine flache 5 km-Wendepunktstrecke f\u00fchrt entlang des Nord-Ostsee-Kanals zur Kieler F\u00f6rde, um den Holtenauer Leuchtturm herum und zur\u00fcck zum Stadion &#8211; einmal bzw. zweimal zu durchlaufen.<\/td>\n<\/tr>\n<tr>\n<td>29.08.2026<\/td>\n<td>2,5 km:<br \/>\n16.00 Uhr<br \/>\n5km:<br \/>\n17.15 Uhr<br \/>\n10 Meilen:<br \/>\n17.00 Uhr<\/td>\n<td>kostenlos?8,- \u20ac14,- \u20ac<\/td>\n<td><a href=\"https:\/\/www.mtv-gelting-08.de\/veranstaltungen\/birklauf\" target=\"blank\" rel=\"noopener noreferrer\"><b>26. Geltinger Birklauf<\/b><\/a><\/p>\n<p>der Traditionslauf f\u00fchrt wieder \u00fcber 10 Meilen und nennt sich neuerdings &#8222;Birklauf 10 + 1&#8243; &#8211; schauen wir mal, was sich dahinter ver&#8220;birkt&#8220; &#8211; au\u00dferdem wird auch der &#8222;Nordschaulauf&#8220; \u00fcber 5 km angeboten und ein Jedermannlauf \u00fcber 2,5 km.<\/td>\n<\/tr>\n<tr>\n<td>29.08.2026<\/td>\n<td>4 km:<br \/>\n15.45 Uhr12 km:<br \/>\n15.00 Uhr<\/td>\n<td>beide L\u00e4ufe 18,- \u20ac<\/td>\n<td><a title=\"Durch die Altstadt\" href=\"https:\/\/moellnersv.de\/\" target=\"blank\" rel=\"noopener noreferrer\"><b>30. M\u00f6llner City-Lauf<\/b><\/a><\/p>\n<p>4 km Altstadtlauf und 12 km Eulenspiegellauf auf Rundkursen durch die historische <b>Altstadt<\/b> von M\u00f6lln und um verschiedene Seen &#8211; und nach dem Lauf noch aufs M\u00f6llner Altstadtfest &#8211; die Startgeb\u00fchr ist zwar hoch, aber Jugendliche zahlen nur 8,- \u20ac<\/td>\n<\/tr>\n<tr>\n<td>??.08.2026<\/td>\n<td>ab 09.45 Uhr<\/td>\n<td>Erw. 10,- \u20ac<br \/>\nKinder 6,- \u20ac<\/td>\n<td><a href=\"http:\/\/seemeilenlauf.de\" target=\"blank\" rel=\"noopener noreferrer\"><b>11. Friedrichskooger Seemeilenlauf<\/b><\/a><\/p>\n<p>1 Seemeile (1,853 km), 3 sm (5,56 km) und 6 sm (11,112 km) &#8211; Start und Ziel sind am Hafen, und dann geht es auf Wendepunktstrecken immer sch\u00f6n am Deich entlang &#8211; zwischen Schafen und Salzwiesen &#8211; die mittlere Strecke wird auch f\u00fcr Walker angeboten.<\/td>\n<\/tr>\n<\/tbody>\n<\/table>\n","protected":false},"excerpt":{"rendered":"<p>Ferien 2025\/2026 in Schleswig-Holstein Weihnachten Ostern Sommer Herbst 19.12.-06.01. 26.03.-10.04. 04.07.-15.08. 12.10.-24.10. = vermessene Strecke Datum Startzeit Startgeld Veranstaltung 01.07.2026 19.00 Uhr 6,- \u20ac 8,- \u20ac 23. Hohner-See-Lauf sch\u00f6ner Landschaftslauf durch das Naturschutzgebiet nahe Rendsburg &#8211; Start ist am Sportplatz des Ortes, der durch den Flugplatz des Lufttransport- geschwaders 63 bekannt geworden ist &#8211; 2012 &hellip; <a href=\"https:\/\/www.vflbokel.de\/alg\/termine\/juli-aug\/\" class=\"more-link\"><span class=\"screen-reader-text\">Lauftermine Juli \/ August<\/span> weiterlesen <span class=\"meta-nav\">&rarr;<\/span><\/a><\/p>\n","protected":false},"author":3,"featured_media":0,"parent":8,"menu_order":4,"comment_status":"closed","ping_status":"closed","template":"","meta":{"footnotes":""},"class_list":["post-410","page","type-page","status-publish","hentry"],"_links":{"self":[{"href":"https:\/\/www.vflbokel.de\/alg\/wp-json\/wp\/v2\/pages\/410","targetHints":{"allow":["GET"]}}],"collection":[{"href":"https:\/\/www.vflbokel.de\/alg\/wp-json\/wp\/v2\/pages"}],"about":[{"href":"https:\/\/www.vflbokel.de\/alg\/wp-json\/wp\/v2\/types\/page"}],"author":[{"embeddable":true,"href":"https:\/\/www.vflbokel.de\/alg\/wp-json\/wp\/v2\/users\/3"}],"replies":[{"embeddable":true,"href":"https:\/\/www.vflbokel.de\/alg\/wp-json\/wp\/v2\/comments?post=410"}],"version-history":[{"count":235,"href":"https:\/\/www.vflbokel.de\/alg\/wp-json\/wp\/v2\/pages\/410\/revisions"}],"predecessor-version":[{"id":9455,"href":"https:\/\/www.vflbokel.de\/alg\/wp-json\/wp\/v2\/pages\/410\/revisions\/9455"}],"up":[{"embeddable":true,"href":"https:\/\/www.vflbokel.de\/alg\/wp-json\/wp\/v2\/pages\/8"}],"wp:attachment":[{"href":"https:\/\/www.vflbokel.de\/alg\/wp-json\/wp\/v2\/media?parent=410"}],"curies":[{"name":"wp","href":"https:\/\/api.w.org\/{rel}","templated":true}]}}