{"id":280,"date":"2016-01-21T06:33:45","date_gmt":"2016-01-21T05:33:45","guid":{"rendered":"http:\/\/gamma.vflbokel.de\/?page_id=280"},"modified":"2025-12-27T22:13:32","modified_gmt":"2025-12-27T21:13:32","slug":"maerz-april","status":"publish","type":"page","link":"https:\/\/www.vflbokel.de\/alg\/termine\/maerz-april\/","title":{"rendered":"Lauftermine M\u00e4rz \/ April"},"content":{"rendered":"<h4>Ferien 2025\/2026 in Schleswig-Holstein<\/h4>\n<table style=\"width: 400px;\" border=\"1\" cellspacing=\"0\" align=\"center\">\n<tbody>\n<tr>\n<td style=\"padding: 2px;\">Weihnachten<\/td>\n<td style=\"padding: 2px;\">Ostern<\/td>\n<td style=\"padding: 2px;\">Sommer<\/td>\n<td style=\"padding: 2px;\">Herbst<\/td>\n<\/tr>\n<tr>\n<td style=\"padding: 2px;\">19.12.-06.01.<\/td>\n<td style=\"padding: 2px;\">26.03.-10.04.<\/td>\n<td style=\"padding: 2px;\">04.07.-15.08.<\/td>\n<td style=\"padding: 2px;\">12.10.-24.10.<\/td>\n<\/tr>\n<\/tbody>\n<\/table>\n<p><img loading=\"lazy\" decoding=\"async\" class=\"alignnone size-full wp-image-334\" src=\"\/alg\/wp-content\/uploads\/Massband.jpg\" alt=\"vermessene Strecke\" width=\"69\" height=\"30\" \/> = vermessene Strecke<\/p>\n<p><!--\n\n\n<tr>\n\n\n<td>25.03.2018<\/td>\n\n\n\n\n<td>09.30 Uhr<\/td>\n\n\n\n\n<td>22,- \u20ac\n\n29,- \u20ac<\/td>\n\n\n\n\n<td><a href=\"http:\/\/foehr-marathon.de\/\" target=\"blank\" rel=\"noopener noreferrer\"><b>7. F\u00f6hr-Marathon<\/b><\/a>\n\nHM und Marathon - nachdem der Wyker Stadtlauf schon seit vielen Jahren erfolgreich den Inselsport bereichert, gibt es seit 2012 auch einen Marathon auf F\u00f6hr - Start und Ziel sind an der Grundschule in Midlum - als Novum gibt es sogar einen \"Langschl\u00e4fer-HM\", der erst 2 Stunden sp\u00e4ter gestartet wird - das kommt uns entgegen, schlie\u00dflich haben wir vom Festland eine lange Anreise per Auto und F\u00e4hre.<\/td>\n\n\n<\/tr>\n\n\n\n\n<tr class=\"\">\n\n\n<td>04?.04.2015<\/td>\n\n\n\n\n<td>5 km:\n10.00 Uhr\n10 km:\n10.05 Uhr\nHM:\n10.10 Uhr<\/td>\n\n\n\n\n<td> 8,- &euro;\n\n9,50 &euro;\n\n10,50 &euro;<\/td>\n\n\n\n\n<td><img loading=\"lazy\" decoding=\"async\" class=\"alignnone size-full wp-image-334\" src=\"https:\/\/www.vflbokel.de\/alg\/wp-content\/uploads\/Ma\u00dfband.jpg\" alt=\"vermessene Strecke\" width=\"69\" height=\"30\" \/><a href=\"http:\/\/www.stgk.de\/Ausschreibung\/61.pdf\" target=\"blank\" rel=\"noopener noreferrer\"><b>30. Osterlauf NMS<\/b><\/a>\n\n5 km, 10 km und HM - bekannter und beliebter Lauf, bekannte Strecken: am <b>Tierpark<\/b> vorbei und ab in die Botanik, die 5 km waren schon immer ein Rundkurs, 10 km und HM sind es neuerdings auch.<\/td>\n\n\n<\/tr>\n\n\n\n\n<tr class=\"\">\n\n\n<td>??.03.2013<\/td>\n\n\n\n\n<td>09.00 Uhr<\/td>\n\n\n\n\n<td>15,- &euro;<\/td>\n\n\n\n\n<td><img loading=\"lazy\" decoding=\"async\" class=\"alignnone size-full wp-image-334\" src=\"https:\/\/www.vflbokel.de\/alg\/wp-content\/uploads\/Ma\u00dfband.jpg\" alt=\"vermessene Strecke\" width=\"69\" height=\"30\" \/><a href=\"http:\/\/www.tus-holtenau.de\/\" target=\"blank\" rel=\"noopener noreferrer\"><b>16. Holtenauer Gel\u00e4ndemarathon<\/b><\/a>\n\nein Rundkurs von 1320,25 m L\u00e4nge \u00fcber Aschenbahn und Kieswege, der 32 mal zu durchlaufen ist.\nDas klingt nach einem Event <b>f\u00fcr echte Fans<\/b> und Hartgesottene.<\/td>\n\n\n<\/tr>\n\n\n\n\n<tr class=\"u\">\n\n\n<td>?.?.2011<\/td>\n\n\n\n\n<td>10.00 Uhr<\/td>\n\n\n\n\n<td>6,-\/9,- &euro;<\/td>\n\n\n\n\n<td><a href=\"http:\/\/www.feuerwehr-nortorf.de\/index.php?option=com_content&task=view&id=112&Itemid=103\" target=\"blank\" rel=\"noopener noreferrer\"><b>Nortorfer Feuerwehrlauf<\/b><\/a>\n\nFeuerwehrleute, aufgepasst! -\nauch in Nortorf gibt es jetzt einen Feuerwehrlauf,\nmitorganisiert von unserem eifrigen ALG'ler Matthias Vo\u00df -\n5 km und 10 km speziell f\u00fcr Feuerwehr- und Jugendfeuerwehr-Mitglieder und auch\nandere Uniformierte wie z.B. Polizisten -\nWasser marsch, \u00e4hh ... lauf!<\/td>\n\n\n<\/tr>\n\n\n\n\n<tr class=\"u\">\n\n\n<td>29.03.2008<\/td>\n\n\n\n\n<td>14.30 Uhr<\/td>\n\n\n\n\n<td>5,5 km:\n5,- &euro;\n10,8 km:\n6,- &euro;<\/td>\n\n\n\n\n<td><a href=\"http:\/\/www.schwansen-lauf.de\/\" target=\"blank\" rel=\"noopener noreferrer\"><b>19. Schwansenlauf Rieseby<\/b><\/a>\n\n5,5 km und 10,8 km - ein Rundkurs \u00fcber die H\u00fcgel von <b>Schwansen<\/b>,\nder ein oder zweimal zu durchlaufen ist.\nEin Lauf, bei dem ALG-Mitglieder immer wieder\ngute Ergebnisse und Platzierungen <a name=\"knick\">erreicht<\/a> haben.<\/td>\n\n\n<\/tr>\n\n\n\n\n<tr class=\"u\">\n\n\n<td>25.03.2006<\/td>\n\n\n\n\n<td>ab 14.00 Uhr<\/td>\n\n\n\n\n<td>3,- &euro;<\/td>\n\n\n\n\n<td><b>Crosslauf Bad Bramstedt<\/b>\n\nlandesoffene Kreismeisterschaften von Segeberg -\nE-Mail: <a href=\"mailto:bialkowski@surfeu.de\"><b>bialkowski@surfeu.de<\/b><\/a> -\nWeitere Infos gibt es unter <b>Telefon: 04551\/94796 <\/b><\/td>\n\n\n<\/tr>\n\n\n\n\n<tr class=\"mg\">\n\n\n<td>19.03.2007<\/td>\n\n\n\n\n<td> ?<\/td>\n\n\n\n\n<td> ?<\/td>\n\n\n\n\n<td><b>Wald- und Crosslauf M\u00f6lln<\/b><\/td>\n\n\n<\/tr>\n\n\n\n\n<tr>\n\n\n<td>??.04.2024<\/td>\n\n\n\n\n<td>ab 11.00 Uhr<\/td>\n\n\n\n\n<td>5,- \u20ac<\/td>\n\n\n\n\n<td><img loading=\"lazy\" decoding=\"async\" class=\"alignnone size-full wp-image-334\" src=\"\/alg\/wp-content\/uploads\/Massband.jpg\" alt=\"vermessene Strecke\" width=\"69\" height=\"30\"><a href=\"http:\/\/www.svrethwisch.de\/duathlon.html\" target=\"_blank\" rel=\"noopener noreferrer\"><b>3. Rethwischer Windm\u00fchlenlauf<\/b><\/a>&nbsp;&nbsp;&nbsp;&nbsp;&nbsp;\n\n<b>! m\u00f6glicherweise nicht mehr im Programm !<\/b>\n5,3 km und 10,6 km - die Duathlon-Abteilung des SV Rethwisch veranstaltet seit 2017 diesen Stra\u00dfenlauf im kleinen Dorf bei Preetz - nur 5 Teilnehmer starteten 2018 auf der Langstrecke - wurde der Lauf deshalb etwa gecancelt?<\/td>\n\n\n<\/tr>\n\n\n--><\/p>\n<table border=\"2\" cellspacing=\"0\" align=\"center\">\n<tbody>\n<tr class=\"u\">\n<th width=\"90\">Datum<\/th>\n<th width=\"100\">Startzeit<\/th>\n<th width=\"110\">Startgeld<\/th>\n<th width=\"570\">Veranstaltung<\/th>\n<\/tr>\n<tr>\n<td>??.03.2026<\/td>\n<td>ab 14.00 Uhr<\/td>\n<td>4,00 \u20ac<\/td>\n<td><a href=\"https:\/\/www.klvluebeck.de\/#wettkampfkalender\" target=\"blank\" rel=\"noopener noreferrer\"><b>Kreismeisterschaft Crosslauf<\/b><\/a> des KLV L\u00fcbeck<\/p>\n<p>Strecken zwischen 700m und 9370m &#8211; gelaufen wird im Nachbarort Bad Schwartau am Sportplatz Riesebusch &#8211; Nachmeldegeb\u00fchr 5,- Euro.<\/td>\n<\/tr>\n<tr>\n<td>01.03.2026<\/td>\n<td>09.30 Uhr<\/td>\n<td>Erw.: ab 32,- \u20ac<br \/>\n(ganze Serie)<br \/>\nJug.: ab 12,- \u20ac<\/td>\n<td><b><a href=\"https:\/\/www.winterlaufserie-wilhelmsburg.de\/infos\/\" target=\"blank\" rel=\"noopener noreferrer\">10. Winterlaufserie Wilhelmsburg<\/a> &#8211; 3. Lauf<\/b><\/p>\n<p>5 km, 10 km, 15 km oder 20 km &#8211; landschaftlich reizvoller Rundkurs durch den Wilhelmsburger Inselpark &#8211; die Strecke betr\u00e4gt ca. 5 km pro Runde und kann bis zu viermal absolviert werden &#8211; jede\/r entscheidet selbst, wieviele Runden gelaufen werden &#8211; die ganze Serie besteht aus 3 L\u00e4ufen &#8211; Einzelstarts kosten 16,- \u20ac (Jug. 10,- \u20ac)<\/td>\n<\/tr>\n<tr>\n<td>11.03.2026<\/td>\n<td>5 km:<br \/>\n10.47 Uhr<br \/>\n10 km:<br \/>\n10.45 Uhr<\/td>\n<td>5,- \u20ac8,- \u20ac<\/td>\n<td><img loading=\"lazy\" decoding=\"async\" class=\"alignnone size-full wp-image-334\" src=\"\/alg\/wp-content\/uploads\/Massband.jpg\" alt=\"vermessene Strecke\" width=\"69\" height=\"30\" \/><a href=\"http:\/\/www.tsv-goldebek.de\/sparten\/lauftreff\/loop-oever-de-kammbarg\/\" target=\"blank\" rel=\"noopener noreferrer\"><b>15. Loop \u00f6ver de Kammbarg<\/b><\/a><\/p>\n<p>der Lauftreff des TSV Goldebek in <b>Joldelund<\/b> organisiert jetzt auch seinen kleinen Dorflauf &#8211; immerhin auf vermessener Strecke &#8211; und vor dem Start wird ein Gottesdienst abgehalten.<\/td>\n<\/tr>\n<tr>\n<td>??.03.2025<\/td>\n<td>ab 14.00 Uhr<\/td>\n<td>3,00 \u20ac<\/td>\n<td><a href=\"https:\/\/www.klv-se.de\/veranstaltungen\" target=\"_blank\" rel=\"noopener noreferrer\"><b>Offene Kreismeisterschaft Crosslauf<\/b><\/a> des KLV Segeberg<\/p>\n<p>Strecken zwischen 1000m und 6800m &#8211; gelaufen wird in Bad Bramstedt im Herrenholz &#8211; Nachmeldegeb\u00fchr 3,- Euro.<\/td>\n<\/tr>\n<tr>\n<td>15.03.2026<\/td>\n<td>10.00 Uhr<\/td>\n<td>50,- \u20ac<\/td>\n<td><a href=\"http:\/\/www.tinnum66.de\/html\/syltlauf.html\" target=\"blank\" rel=\"noopener noreferrer\"><b>43. Syltlauf<\/b><\/a><\/p>\n<p>33,333 km vom S\u00fcd- zum Nordzipfel der gr\u00f6\u00dften deutschen <b>Nordseeinsel<\/b>.<br \/>\nLeider immer schon im Sommer des Vorjahres ausgebucht, aber vielleicht hat einer von euch im letzten Moment einfach noch unversch\u00e4mtes Gl\u00fcck und ergattert einen Startplatz \u00fcber die Warteliste oder die Intersport-Verlosung!<\/td>\n<\/tr>\n<tr>\n<td>??.03.2025<\/td>\n<td>ab 10.00 Uhr<\/td>\n<td>9,- \u20ac\/12,- \u20ac<\/td>\n<td><img loading=\"lazy\" decoding=\"async\" class=\"alignnone size-full wp-image-334\" src=\"\/alg\/wp-content\/uploads\/Massband.jpg\" alt=\"vermessene Strecke\" width=\"69\" height=\"30\" \/><b><a href=\"http:\/\/www.wandsetalerrunde.de\/ausschreibung\/index.html\" target=\"_blank\" rel=\"noopener noreferrer\">22. Wandsetaler Runde<\/a><\/b><\/p>\n<p>5 km und 10 km &#8211; auch wieder in Hamburg, diesmal im Westen im Wandsetal &#8211; gelaufen wird auf Wald- und Parkwegen &#8211; die 10 km-Strecke ist amtlich vermessen.<\/td>\n<\/tr>\n<tr>\n<td>??.03.2026<\/td>\n<td>5 km:<br \/>\n10.45 Uhr<br \/>\n10 km:<br \/>\n11.00 Uhr<br \/>\nHM:<br \/>\n11.05 Uhr<\/td>\n<td>12,-\u20ac12,- \u20ac<\/p>\n<p>18,- \u20ac<\/td>\n<td><b><a href=\"http:\/\/www.stadtwerke-lauf.de\/\" target=\"_blank\" rel=\"noopener noreferrer\">15. Flensburger Stadtwerkelauf<\/a><\/b><\/p>\n<p>ein weiteres Projekt der Firma &#8222;Triple-Events&#8220;, die einige Sportveranstaltungen im hohen Norden organisiert &#8211; die Rundkurse f\u00fchren durch das Landschaftsschutzgebiet Weesries und \u00fcber ruhige Nebenstra\u00dfen.<\/td>\n<\/tr>\n<tr>\n<td>22.03.2026<\/td>\n<td>10 km:<br \/>\n09.10 Uhr<br \/>\n5 km:<br \/>\n09.00 Uhr<br \/>\nHM:<br \/>\n10.30 Uhr<\/td>\n<td>\n18,-\u20ac<\/p>\n<p>16,-\u20ac<\/p>\n<p>21,-\u20ac<\/td>\n<td><img loading=\"lazy\" decoding=\"async\" class=\"alignnone size-full wp-image-334\" src=\"\/alg\/wp-content\/uploads\/Massband.jpg\" alt=\"vermessene Strecke\" width=\"69\" height=\"30\" \/><a href=\"http:\/\/www.ostseelauf.com\/\" target=\"blank\" rel=\"noopener noreferrer\"><b>20. Ostseelauf Timmendorfer Strand<\/b><\/a><\/p>\n<p>5 km, 10 km und HM &#8211; die 10 km-Wendepunktstrecke ist flach wie eine Ostsee-Flunder und verl\u00e4uft zwischen Niendorf und Scharbeutz immer l\u00e4ngs und in Sichtweite der Ostseek\u00fcste &#8211; Achtung: keine Nachmeldungen am Veranstaltungstag!<\/td>\n<\/tr>\n<tr>\n<td>22.03.2026<\/td>\n<td>5 km:<br \/>\n09.50 Uhr<br \/>\n11,4 km:<br \/>\n10.00 Uhr<\/td>\n<td>7,- \u20ac<br \/>\n   10,- \u20ac<\/td>\n<td><a href=\"https:\/\/www.mtv-st-michaelisdonn.de\/app\/download\/5819032538\/Alle+wichtigen+Infos+auf+einen+Blick.pdf\" target=\"_blank\" rel=\"noopener noreferrer\"><b>41. Donner Fr\u00fchlingslauf<\/b><\/a><\/p>\n<p>5 km und 11,4 km in und um <b>St. Michaelisdonn<\/b> &#8211; einer der zahlreichen L\u00e4ufe zum <a href=\"http:\/\/www.klv-dithmarschen.net\/\" target=\"blank\" rel=\"noopener noreferrer\"><b>Dithmarschen-Cup<\/b><\/a>. Die L\u00e4uferkollegen zwischen Heide und Nordsee sind wirklich eifrig dabei.<\/td>\n<\/tr>\n<tr>\n<td>29.03.2026<\/td>\n<td>5 km:<br \/>\n10.30 Uhr<br \/>\n10 km:<br \/>\n10.15 Uhr<br \/>\nHM:<br \/>\n10.00 Uhr<\/td>\n<td>\n    10,- \u20ac<\/p>\n<p>    12,- \u20ac<\/p>\n<p>    15,- \u20ac<\/td>\n<td><img loading=\"lazy\" decoding=\"async\" class=\"alignnone size-full wp-image-334\" src=\"\/alg\/wp-content\/uploads\/Massband.jpg\" alt=\"vermessene Strecke\" width=\"69\" height=\"30\" \/><a href=\"https:\/\/www.spiridon-oldesloe.de\/travelauf.html\" target=\"blank\" rel=\"noopener noreferrer\"><b>48. Travelauf Bad Oldesloe<\/b><\/a><\/p>\n<p>5 km, 10 km und HM &#8211; gelaufen wird auf einer Wendepunktstrecke auf dem <b>Radwanderweg<\/b> entlang der Bahnlinie nach Trittau<\/td>\n<\/tr>\n<tr>\n<td>29.03.2026<\/td>\n<td>9,5 km:<br \/>\n10.15 Uhr<br \/>\n15,7 km:<br \/>\n10.00 Uhr<br \/>\n29,1 km:<br \/>\n09.45 Uhr<\/td>\n<td>14,-\u20ac<\/p>\n<p>   17,- \u20ac<\/p>\n<p>   27,- \u20ac<\/td>\n<td><b><a href=\"https:\/\/lg-albatros-kiel.de\/hochbrueckenlauf.html\" target=\"blank\" rel=\"noopener noreferrer\">36. Kieler Hochbr\u00fcckenlauf<\/a> &#8211; <\/b><br \/>\n <b>Wertungslauf des <a href=\"http:\/\/www.zippels.de\/zippels-cup.html\" target=\"blank\" rel=\"noopener noreferrer\">Zippels Kiel-Cup<\/a><\/b><\/p>\n<p>15,7 km 29,1 km und neuerdings auch eine &#8222;Kurzstrecke&#8220; \u00fcber 9,5 km &#8211;<br \/>\nob als Vorbereitungslauf f\u00fcr den Hamburg-Marathon oder zum Kr\u00e4ftemessen <b>am Kanal<\/b> mit einem Hochseeriesen &#8211; es gibt immer genug triftige Gr\u00fcnde zum Mitlaufen. Und am sch\u00f6nsten ist nat\u00fcrlich die Langstrecke.<br \/>\nLeider geht es wegen der Bauarbeiten auch 2026 nicht \u00fcber die Hochbr\u00fccken, sondern auf einer Ersatzstrecke am Kanal entlang und \u00fcber Nebenstra\u00dfen.<\/td>\n<\/tr>\n<tr>\n<td>04.04.2026<\/td>\n<td>14.00 Uhr<\/td>\n<td>10,- \u20ac \/<br \/>\n8,- \u20ac<\/td>\n<td><a href=\"https:\/\/kirschenholz.de\/osterlauf-2026\/\" target=\"_blank\" rel=\"noopener noreferrer\"><b>14. Kirschenholzer Osterlauf<\/b><\/a><\/p>\n<p>5 km und 10 km &#8211; ein kleiner Landgasthof mit eigener Brauerei in Schillsdorf bei Neum\u00fcnster bet\u00e4tigt sich neuerdings als Laufveranstalter &#8211; Standardtermin ist seit Beginn generell Ostersonnabend &#8211; weiter so!<\/td>\n<\/tr>\n<tr>\n<td>12.04.2026<\/td>\n<td>beide<br \/>\nL\u00e4ufe<br \/>\n10.45 Uhr<\/td>\n<td>4,5 km: 4,- \u20ac9,5 km: 8,- \u20ac<\/td>\n<td><a href=\"https:\/\/www.svschmalensee.de\/\" target=\"_blank\" rel=\"noopener noreferrer\"><b>21. Knicklauf Schmalensee<\/b><\/a><\/p>\n<p>5 km und 10 km &#8211; ein kleiner Ort <b>bei Bornh\u00f6ved<\/b> veranstaltet seinen Dorflauf. Die Gegend ist wald- und seenreich, etwas h\u00fcgelig, und veranstaltet einen sch\u00f6nen, gut organisierten Landschaftslauf &#8211; 2025 ist Jubil\u00e4umsjahr!<\/td>\n<\/tr>\n<tr>\n<td>12.04.2026<\/td>\n<td>ab 10.30 Uhr<\/td>\n<td>5+10 km: 8,- \u20ac<br \/>\nHM: 10,- \u20ac<\/td>\n<td><a href=\"http:\/\/www.elbelauf.de\" target=\"blank\" rel=\"noopener noreferrer\"><b>18. Elbelauf Brunsb\u00fcttel<\/b><\/a><\/p>\n<p>5 km, 10 km und HM &#8211; nach einj\u00e4hriger Unterbrechung gibt es seit 2013 wieder den Elbelauf mit Tendenz zur Fortsetzung &#8211; Start und Ziel sind am Freibad Ulitzh\u00f6rn<\/td>\n<\/tr>\n<tr>\n<td>??.04.2026<\/td>\n<td>ab 13.00 Uhr<\/td>\n<td>5\/7\/12,- \u20ac<\/td>\n<td><a href=\"https:\/\/www.tsgscheersberg.de\/post\/spendenlauf-2025\" target=\"blank\" rel=\"noopener noreferrer\"><b>9. Scheersberger Spendenlauf<\/b><\/a><\/p>\n<p>3 km, 5 km und 10 km &#8211; der kleine Verein bei Gelting in Angeln spendet die Einnahmen f\u00fcr regionale Projekte und die eigene Jugendarbeit &#8211; die 3 km sind ein Inklusionslauf und offen f\u00fcr alle, egal ob sie laufen, gehen, walken, mit dem Rollstuhl, dem Kinderwagen oder auch der Sportkarre unterwegs sind.<\/td>\n<\/tr>\n<tr>\n<td>19.04.2026<\/td>\n<td>10.00 Uhr<\/td>\n<td>HM: ab 40,- \u20ac<\/td>\n<td data-wp-editing=\"1\"><img loading=\"lazy\" decoding=\"async\" class=\"alignnone size-full wp-image-334\" src=\"\/alg\/wp-content\/uploads\/Massband.jpg\" alt=\"vermessene Strecke\" width=\"69\" height=\"30\"><a href=\"https:\/\/berlin-laeuft.de\/s25berlin\/\" target=\"_blank\" rel=\"noopener noreferrer\"><b>45. BERLIN RUNS &#8211; 25 km von Berlin<\/b><\/a><\/p>\n<p>es wird auch ein 10 km-Lauf (ab 24,- \u20ac) angeboten &#8211; Ziel beider L\u00e4ufe ist das Berliner Olympiastadion &#8211; Zeitnahme mit Championchip &#8211; Hendrik war mehrmals mit Begeisterung dabei &#8211; alles Weitere erfahrt Ihr aus seinem <a href=\"http:\/\/vflbokel.de\/alt\/Sites\/Infos\/Fundus\/25km\/kapitel\/inhaltsverzeichnis.htm\" target=\"blank\" rel=\"noopener noreferrer\"><b>Laufbericht<\/b><\/a><\/td>\n<\/tr>\n<tr>\n<td>22.04.2026<br \/>\nMittwoch<\/td>\n<td>ab 18.00 Uhr<\/td>\n<td>6,- \u20ac<\/td>\n<td><img loading=\"lazy\" decoding=\"async\" class=\"alignnone size-full wp-image-334\" src=\"\/alg\/wp-content\/uploads\/Massband.jpg\" alt=\"vermessene Strecke\" width=\"69\" height=\"30\"><a href=\"https:\/\/spoferan.com\/events\/immelmannlauf\" target=\"blank\" rel=\"noopener noreferrer\"><b>25. Immelmannlauf Kropp<\/b><\/a><\/p>\n<p>5 km und 10 km &#8211; urspr\u00fcnglich als Lauf f\u00fcr die Dienstleistenden des Aufkl\u00e4rungsgeschwaders 51 &#8222;Immelmann&#8220; in der Kropper <b>Kai-Uwe-von-Hassel-Kaserne<\/b> konzipiert, zog der Lauf auch bald zahlreiche Zivilisten aus dem Umland an.<\/td>\n<\/tr>\n<tr>\n<td>24.04.2026<\/td>\n<td>ab 16.00 Uhr<\/td>\n<td>4,- \u20ac<\/td>\n<td><a href=\"http:\/\/www.huehnerbrueckenlauf.de\/\" target=\"blank\" rel=\"noopener noreferrer\"><b>19. H\u00fchnerbr\u00fcckenlauf<\/b><\/a><\/p>\n<p>2,3 km, 5,3 km und 9,9 km &#8211; diesen Lauf habe ich 2014 erst entdeckt, obwohl er da schon 8 Jahre lang durchgef\u00fchrt wurde &#8211; Veranstalter ist der MTV Herzhorn &#8211; gelaufen wird in der Umgebung dieses kleinen Nachbarortes von Gl\u00fcckstadt &#8211; Wertungslauf zum <a href=\"http:\/\/steinburgcup.de\/\" target=\"blank\" rel=\"noopener noreferrer\"><b>Steinburg-Cup<\/b><\/a><\/td>\n<\/tr>\n<tr>\n<td>25.04.2026<\/td>\n<td>ab 12.30 Uhr<\/td>\n<td>5\/8,- \u20ac<\/td>\n<td><img loading=\"lazy\" decoding=\"async\" class=\"alignnone size-full wp-image-334\" src=\"\/alg\/wp-content\/uploads\/Massband.jpg\" alt=\"vermessene Strecke\" width=\"69\" height=\"30\"><a href=\"http:\/\/www.doppeleiche-vioel.de\/\" target=\"blank\" rel=\"noopener noreferrer\"><b>16. Vi\u00f6ler Stra\u00dfenlauf<\/b><\/a>&nbsp;&nbsp;&nbsp;&nbsp;&nbsp;<\/p>\n<p>5 km und 10 km &#8211; der TSV Doppeleiche Vi\u00f6l veranstaltet seit vielen Jahren<br \/>\ndiesen Stra\u00dfenlauf nicht weit von Husum &#8211; mit 255 Teilnehmern war er 2012 mal richtig gut besucht.<\/td>\n<\/tr>\n<tr>\n<td>26.04.2026<\/td>\n<td>09.30 Uhr<\/td>\n<td>\u00a0ab 88,- \u20ac<\/td>\n<td><img loading=\"lazy\" decoding=\"async\" class=\"alignnone size-full wp-image-334\" src=\"\/alg\/wp-content\/uploads\/Massband.jpg\" alt=\"vermessene Strecke\" width=\"69\" height=\"30\" \/><a href=\"https:\/\/haspa-marathon-hamburg.de\/\" target=\"_blank\" rel=\"noopener noreferrer\"><b>40. Hamburg Marathon <\/b><\/a><br \/>\n! Sieht leider so aus, als wenn alle Strecken schon ausgebucht sind. Schade !<\/p>\n<p>Stadtkurs &#8211; Startgeld &#8211; Stimmung &#8211; Starterzahl &#8211; in allen Punkten wohl DAS Marathon-Highlight im Norden &#8211; wer von der <b>ALG<\/b> traut sich dieses Mal ran? &#8211; einige waren immer mal dabei &#8211; ein HM wird seit 2017 auch angeboten.<\/td>\n<\/tr>\n<tr>\n<td>26.04.2026<\/td>\n<td>5 km:<br \/>\n09.15 Uhr<br \/>\n10 km:<br \/>\n10.30 Uhr<\/td>\n<td>10,-\u20ac<\/p>\n<p>    12,-\u20ac<\/td>\n<td><img loading=\"lazy\" decoding=\"async\" class=\"alignnone size-full wp-image-334\" src=\"\/alg\/wp-content\/uploads\/Massband.jpg\" alt=\"vermessene Strecke\" width=\"69\" height=\"30\" \/><a href=\"https:\/\/eckernfoerdermtv.info\/veranstaltungen\/stadtlauf\/\" target=\"blank\" rel=\"noopener noreferrer\"><b>36. Eckernf\u00f6rder Stadtlauf<\/b><\/a><\/p>\n<p>5 km und 10 km &#8211; eine bzw. zwei Runden durch Innenstadt, Strandpromenade und Hafengel\u00e4nde &#8211; es lohnt sich, dort zu laufen &#8211; gut ausgebaute, flache Strecke und tolle Stimmung &#8211; sofort anmelden!<\/td>\n<\/tr>\n<\/tbody>\n<\/table>\n","protected":false},"excerpt":{"rendered":"<p>Ferien 2025\/2026 in Schleswig-Holstein Weihnachten Ostern Sommer Herbst 19.12.-06.01. 26.03.-10.04. 04.07.-15.08. 12.10.-24.10. = vermessene Strecke Datum Startzeit Startgeld Veranstaltung ??.03.2026 ab 14.00 Uhr 4,00 \u20ac Kreismeisterschaft Crosslauf des KLV L\u00fcbeck Strecken zwischen 700m und 9370m &#8211; gelaufen wird im Nachbarort Bad Schwartau am Sportplatz Riesebusch &#8211; Nachmeldegeb\u00fchr 5,- Euro. 01.03.2026 09.30 Uhr Erw.: ab 32,- &hellip; <a href=\"https:\/\/www.vflbokel.de\/alg\/termine\/maerz-april\/\" class=\"more-link\"><span class=\"screen-reader-text\">Lauftermine M\u00e4rz \/ April<\/span> weiterlesen <span class=\"meta-nav\">&rarr;<\/span><\/a><\/p>\n","protected":false},"author":3,"featured_media":0,"parent":8,"menu_order":1,"comment_status":"closed","ping_status":"closed","template":"","meta":{"footnotes":""},"class_list":["post-280","page","type-page","status-publish","hentry"],"_links":{"self":[{"href":"https:\/\/www.vflbokel.de\/alg\/wp-json\/wp\/v2\/pages\/280","targetHints":{"allow":["GET"]}}],"collection":[{"href":"https:\/\/www.vflbokel.de\/alg\/wp-json\/wp\/v2\/pages"}],"about":[{"href":"https:\/\/www.vflbokel.de\/alg\/wp-json\/wp\/v2\/types\/page"}],"author":[{"embeddable":true,"href":"https:\/\/www.vflbokel.de\/alg\/wp-json\/wp\/v2\/users\/3"}],"replies":[{"embeddable":true,"href":"https:\/\/www.vflbokel.de\/alg\/wp-json\/wp\/v2\/comments?post=280"}],"version-history":[{"count":122,"href":"https:\/\/www.vflbokel.de\/alg\/wp-json\/wp\/v2\/pages\/280\/revisions"}],"predecessor-version":[{"id":9304,"href":"https:\/\/www.vflbokel.de\/alg\/wp-json\/wp\/v2\/pages\/280\/revisions\/9304"}],"up":[{"embeddable":true,"href":"https:\/\/www.vflbokel.de\/alg\/wp-json\/wp\/v2\/pages\/8"}],"wp:attachment":[{"href":"https:\/\/www.vflbokel.de\/alg\/wp-json\/wp\/v2\/media?parent=280"}],"curies":[{"name":"wp","href":"https:\/\/api.w.org\/{rel}","templated":true}]}}