{"id":269,"date":"2016-01-21T05:54:24","date_gmt":"2016-01-21T04:54:24","guid":{"rendered":"http:\/\/gamma.vflbokel.de\/?page_id=269"},"modified":"2025-12-27T19:07:08","modified_gmt":"2025-12-27T18:07:08","slug":"jan-feb","status":"publish","type":"page","link":"https:\/\/www.vflbokel.de\/alg\/termine\/jan-feb\/","title":{"rendered":"Lauftermine Januar \/ Februar"},"content":{"rendered":"<h4>Ferien 2025\/2026 in Schleswig-Holstein<\/h4>\n<table style=\"width: 400px;\" border=\"1\" cellspacing=\"0\" align=\"center\">\n<tbody>\n<tr>\n<td style=\"padding: 2px;\">Weihnachten<\/td>\n<td style=\"padding: 2px;\">Ostern<\/td>\n<td style=\"padding: 2px;\">Sommer<\/td>\n<td style=\"padding: 2px;\">Herbst<\/td>\n<\/tr>\n<tr>\n<td style=\"padding: 2px;\">19.12.-06.01.<\/td>\n<td style=\"padding: 2px;\">26.03.-10.04.<\/td>\n<td style=\"padding: 2px;\">04.07.-15.08.<\/td>\n<td style=\"padding: 2px;\">12.10.-24.10.<\/td>\n<\/tr>\n<\/tbody>\n<\/table>\n<p><!--\n\n\n<tr>\n\n\n<td>26.02.2022<\/td>\n\n\n\n\n<td>10 km:\n10.00 Uhr\nHM:\n11.15 Uhr\nMarathon:\n10.20 Uhr<\/td>\n\n\n\n\n<td>13,- \u20ac18,- \u20ac\n\n28,- \u20ac<\/td>\n\n\n\n\n<td><img loading=\"lazy\" decoding=\"async\" class=\"alignnone size-full wp-image-334\" src=\"\/alg\/wp-content\/uploads\/Massband.jpg\" alt=\"vermessene Strecke\" width=\"69\" height=\"30\" \/><b><a href=\"http:\/\/www.kiel-marathon.de\/kiel-marathon\/\" target=\"blank\" rel=\"noopener noreferrer\">27. Kiel-Marathon<\/a><\/b>\n<strong><span style=\"color: #ff0000;\">! Endg\u00fcltig abgesagt - findet nicht mehr statt !<\/span><\/strong>der gro\u00dfe Lauf auf der bekannten Wendepunktstrecke an der <b>Kieler Innenf\u00f6rde<\/b> zwischen Schwedenkai und Tirpitzmole - flach und schnell; kann f\u00fcr Marathonis aber gegen Ende zu einem Spazierg\u00e4nger-Slalom werden - die 10 km k\u00f6nnen auch gewalkt werden - Startgelder f\u00fcr Sch\u00fcler und Jugendliche: 8,- \u20ac (10 km) bzw. 13,- \u20ac (HM)<\/td>\n\n\n<\/tr>\n\n\n\n\n<tr>\n\n\n<td>2010\/2013<\/td>\n\n\n\n\n<td>- Uhr<\/td>\n\n\n\n\n<td>-,- &euro;<\/td>\n\n\n\n\n<td><img loading=\"lazy\" decoding=\"async\" class=\"alignnone size-full wp-image-334\" src=\"\/alg\/wp-content\/uploads\/Massband.jpg\" alt=\"vermessene Strecke\" width=\"69\" height=\"30\" \/><a href=\"http:\/\/100mc.de\/etm-ausschreibung-2009.html\" target=\"blank\" rel=\"noopener noreferrer\"><b>Elbtunnelmarathon<\/b><\/a>\n\n<b><font color=\"#FF0000\">Achtung: Wegen Sanierungsarbeiten an den alten Elbtunnelr\u00f6hren findet der ETM erst 2014? wieder statt -\nInfos auf der\n<a href=\"http:\/\/100mc.de\/etm-info.html\" target=\"blank\" rel=\"noopener noreferrer\"><b>Homepage des ETM<\/b><\/a><\/font><\/b>\n\nSicherlich einer der kuriosesten Marathonl\u00e4ufe der Welt:\nes geht ausschlie\u00dflich durch den alten <b>Hamburger Elbtunnel<\/b>: 48 mal hin und her.\nStart ist in Steinwerder, Teilnahmebegrenzung auf 280 L\u00e4ufer und ebensoviele Zuschauer: f\u00fcr mehr ist der Tunnel nicht zugelassen.\n\nAuch als Wintermarathon frostfrei, windstill, trocken.<\/td>\n\n\n<\/tr>\n\n\n--><\/p>\n<table border=\"2\" width=\"483\" cellspacing=\"0\" align=\"center\">\n<tbody>\n<tr class=\"u\">\n<th width=\"100\">Datum<\/th>\n<th width=\"100\">Startzeit<\/th>\n<th width=\"100\">Startgeld<\/th>\n<th>Veranstaltung<\/th>\n<\/tr>\n<tr>\n<td>05.01.2025<\/td>\n<td>ab 10.30 Uhr<\/td>\n<td>11,- \u20ac<\/td>\n<td><a href=\"https:\/\/tsg-bergedorf.de\/sportangebot\/sportarten\/leichtathletik\/leichtathletik-termine-ergebnisse\/\" target=\"_blank\" rel=\"noopener noreferrer\"><b>59. Bergedorfer Crosslauf<\/b><\/a><\/p>\n<p>es geht in 12 L\u00e4ufen \u00fcber 4 verschiedene Streckenl\u00e4ngen von 1020m bis 10200m durchs Bergedorfer Geh\u00f6lz bei <b>Hamburg<\/b> &#8211;<br \/>\nCrosslauf mit gro\u00dfer Tradition, starker Konkurrenz und 60stem Jubil\u00e4um n\u00e4chstes Jahr &#8211; Sch\u00fcler\/Jugendliche zahlen nur 7,- bzw. 9,- \u20ac<\/td>\n<\/tr>\n<tr>\n<td>04.01.2026<\/td>\n<td>12.00 Uhr<\/td>\n<td>Erw.: 8,- \u20ac<br \/>\nJug.: 5,- \u20ac<\/td>\n<td><b><a href=\"http:\/\/www.lauftreff-wedel.de\/index.php\/eigenelaeufe\/neujahrslauf\" target=\"blank\" rel=\"noopener noreferrer\">23. Neujahrslauf Wedel<\/a><\/b><\/p>\n<p>10 km + 6,5 km &#8211; auf eine Zeitnahme wird verzichtet, daf\u00fcr gibt es Punsch und ein leckeres Buffet &#8211; die Einnahmen durch Startgelder werden zugunsten einer wohlt\u00e4tigen Organisation gespendet.<\/td>\n<\/tr>\n<tr>\n<td>04.01.2026<\/td>\n<td>ab 09.50 Uhr<\/td>\n<td>13,- \u20ac<\/td>\n<td><img loading=\"lazy\" decoding=\"async\" class=\"alignnone size-full wp-image-334\" src=\"\/alg\/wp-content\/uploads\/Massband.jpg\" alt=\"vermessene Strecke\" width=\"69\" height=\"30\" \/><b><a href=\"https:\/\/sportinhusum.de\/sportangebot\/outdoor\/lav\/veranstaltungen\/winterstrassenlaufserie-drelsdorf\/\" target=\"blank\" rel=\"noopener noreferrer\">46. Winterlaufserie Drelsdorf<\/a> &#8211; 10 km &#8211;<\/b><\/p>\n<p><a href=\"https:\/\/sportinhusum.de\/sportangebot\/outdoor\/lav\/veranstaltungen\/winterstrassenlaufserie-drelsdorf\/\" target=\"blank\" rel=\"noopener noreferrer\"><b>Wertungslauf zum Zippel&#8217;s Nord-Cup<\/b><\/a>die kultige Winterlaufserie zieht immer wieder zum Jahresbeginn Hunderte von L\u00e4ufern nicht nur aus dem Norden Schleswig-Holsteins in das kleine Dorf bei <b>Husum<\/b>, und geht sie mittlerweile schon ins 46. Jahr! &#8211;<br \/>\nf\u00fcr Sch\u00fcler und Jugendliche werden auch 5 km angeboten (6,- \u20ac) und die gesamte Serie gibt&#8217;s bis zum 20.12. f\u00fcr 35,- \u20ac.<\/td>\n<\/tr>\n<tr>\n<td>11.01.2026<\/td>\n<td>10.00 Uhr<\/td>\n<td>\u00a05 km:<br \/>\n12,50 \u20ac<br \/>\n10 km:<br \/>\n15,- \u20ac<\/td>\n<td><img loading=\"lazy\" decoding=\"async\" class=\"alignnone size-full wp-image-334\" src=\"\/alg\/wp-content\/uploads\/Massband.jpg\" alt=\"vermessene Strecke\" width=\"69\" height=\"30\" \/><b><a href=\"https:\/\/baltic-fit.info\/home.html\" target=\"blank\" rel=\"noopener noreferrer\">3. Winterlaufserie Eckernf\u00f6rde<\/a> &#8211; 10 km + 5 km<\/b><\/p>\n<p>eine neue Winterlaufserie im Bereich KI-RD-ECK-SL als Ersatz bzw. Fortf\u00fchrung der beendeten Winterserie von Altenholz &#8211; federf\u00fchrend ist das Fitnesscenter Baltic-Fit in Eckernf\u00f6rde &#8211; gelaufen wird auch wieder auf einem 5 km-Rundkurs in Eckernf\u00f6rde &#8211; 1 Runde in Serie B, 2 Runden in den Serien A + C . F\u00fcr Meldung der kompletten Serie (3 L\u00e4ufe) zahlt man 25,-(B)\/30,-(C)\/35,-(A)\u20ac.<\/td>\n<\/tr>\n<tr>\n<td>11.01.2026<\/td>\n<td>ab 11.00 Uhr<\/td>\n<td>Erw.: 12,-\u20ac<br \/>\nJug.: 7,-\u20ac<\/td>\n<td><b><a href=\"https:\/\/lauf.der-reporter.de\/ausschreibung\/\" target=\"blank\" rel=\"noopener noreferrer\">8. Reporter-Lauf<\/a><\/b><\/p>\n<p>10 km + 5 km\u00a0 &#8211; Kinder und Jugendliche auch 2 km (5,-\u20ac) &#8211;<br \/>\nein Lauf im Bereich der L\u00fcbecker Bucht, der schon gut angenommen wurde &#8211; federf\u00fchrend sind L\u00e4ufer-Urgestein Peter Massny und sein TSV Neustadt &#8211; Sponsor und Namensgeber ist das Wochenblatt &#8222;der Reporter&#8220; &#8211; Start ist am Sportplatz Gogenkrog in Neustadt.<\/td>\n<\/tr>\n<tr>\n<td>10.+11.01.2026<\/td>\n<td>11.00 &#8211; 18.00 Uhr<\/td>\n<td>8,-\/6,- \u20ac<\/td>\n<td><b><a href=\"https:\/\/kalender.shlv.de\/ausschreibungen\/20260110_SHLV_ass_LMHalleM\u00e4nner+FrauenJugendU18_Hamburg.pdf\" target=\"blank\" rel=\"noopener noreferrer\">Landeshallenmeisterschaften Leichtathletik M\/F und Jugend U18<\/a><\/b><\/p>\n<p>gemeinsam mit dem HLV in der Leichtathletikhalle Hamburg (Krochmannstra\u00dfe 55) &#8211; Lauf-, Sprung- und Wurfdisziplinen<\/td>\n<\/tr>\n<tr>\n<td>11.01.2026<\/td>\n<td>09.30 Uhr<\/td>\n<td>Erw.: ab 32,- \u20ac<br \/>\n(ganze Serie)<br \/>\nJug.: ab 12,- \u20ac<\/td>\n<td><b><a href=\"https:\/\/www.winterlaufserie-wilhelmsburg.de\/infos\/\" target=\"blank\" rel=\"noopener noreferrer\">10. Winterlaufserie Wilhelmsburg<\/a> &#8211; 1. Lauf<\/b><\/p>\n<p>5 km, 10 km, 15 km oder 20 km &#8211; landschaftlich reizvoller Rundkurs durch den Wilhelmsburger Inselpark &#8211; die Strecke betr\u00e4gt ca. 5 km pro Runde und kann bis zu viermal absolviert werden &#8211; jede\/r entscheidet selbst, wie viele Runden gelaufen werden &#8211; die ganze Serie besteht aus 3 L\u00e4ufen &#8211; Einzelstarts kosten 16,- \u20ac (Jug. 7,- \u20ac)<\/td>\n<\/tr>\n<tr>\n<td>17+18.01.2026<\/td>\n<td>11.00 &#8211; 18.00 Uhr<\/td>\n<td>6,-\/5,- \u20ac<\/td>\n<td><b>! <a href=\"https:\/\/kalender.shlv.de\/ausschreibungen\/20260117_SHLV_ass_LMHalleJugendU20+U16_Hamburg.pdf\" target=\"blank\" rel=\"noopener noreferrer\">Landeshallenmeisterschaften Leichtathletik Jugend U20\/U16 <\/a>!<\/b><\/p>\n<p>gemeinsam mit dem HLV in der Leichtathletikhalle Hamburg (Krochmannstra\u00dfe 55) &#8211; Lauf-, Sprung- und Wurfdisziplinen<\/td>\n<\/tr>\n<tr>\n<td>18.01.2026<\/td>\n<td>5 km:<br \/>\n10.25 Uhr<br \/>\n9,3 km:<br \/>\n10.00 Uhr<br \/>\n18 km:<br \/>\n10.10 Uhr<\/td>\n<td>14,- \u20ac<br \/>\nJug: 5,- \u20ac<\/td>\n<td><a href=\"https:\/\/ssc-hagen-ahrensburg.de\/luemmellauf\/\" target=\"blank\" rel=\"noopener noreferrer\"><b>46. L\u00fcmmellauf Ahrensburg<\/b><\/a><\/p>\n<p>5 km, 9,3 km und 18 km &#8211; <b>cross\u00e4hnliche, sehens- und laufenswerte anspruchsvolle Strecken<\/b> auf unbefestigten Wegen durch Wald und Moor &#8211; 5 und 9 km werden auch zum Walken angeboten (Start schon um 08:30 Uhr).<\/td>\n<\/tr>\n<tr>\n<td>18.01.2026<\/td>\n<td>ab 09.50 Uhr<\/td>\n<td>13,- \u20ac<\/td>\n<td><img loading=\"lazy\" decoding=\"async\" class=\"alignnone size-full wp-image-334\" src=\"\/alg\/wp-content\/uploads\/Massband.jpg\" alt=\"vermessene Strecke\" width=\"69\" height=\"30\" \/><b><a href=\"https:\/\/sportinhusum.de\/sportangebot\/outdoor\/lav\/veranstaltungen\/winterstrassenlaufserie-drelsdorf\/\" target=\"blank\" rel=\"noopener noreferrer\">46. Winterlaufserie Drelsdorf<\/a> &#8211; 15 km + 5 km &#8211;<\/b><\/p>\n<p>Heute ist der beliebte und bew\u00e4hrte <b>5 km-Rundkurs<\/b> dreimal zu durchlaufen &#8211; da muss man schon st\u00e4rker &#8222;bei\u00dfen&#8220; als bei den 2 Runden vor zwei Wochen<\/td>\n<\/tr>\n<tr>\n<td>18.01.2026<\/td>\n<td>3 km:<br \/>\n10.30 Uhr<br \/>\n7,5 km:<br \/>\n11.30 Uhr<\/td>\n<td>7,- Kin.<br \/>\n9,- Jug.<br \/>\n11,- Erw.<\/td>\n<td><a href=\"http:\/\/www.stgk.de\/Ausschreibung\/21.pdf\" target=\"blank\" rel=\"noopener noreferrer\"><b>52. Winterlauf des RRC Ratzeburg<\/b><\/a><\/p>\n<p>Kinder laufen 3 km durch den Kurpark, Erwachsene 7,5 km um den K\u00fcchensee &#8211; ein Ruderclub veranstaltet diesen Traditionslauf, um seinen Athleten auch im Winter einen Trainingsanreiz zu bieten &#8211; Ausdauer brauchen wir schlie\u00dflich alle, und dieser Lauf hat Cross-Charakter!<\/td>\n<\/tr>\n<tr>\n<td>24.01.2026<\/td>\n<td>ab 14.00 Uhr<\/td>\n<td>3,- \u20ac<\/td>\n<td><a href=\"https:\/\/www.klv-dithmarschen.net\/\" target=\"_blank\" rel=\"noopener noreferrer\"><b>Crosslauf im Kreisforst Weddingstedt<\/b><\/a><\/p>\n<p>Strecken zwischen 860m und 8400m &#8211; dieser Crosslauf geh\u00f6rt zur Cross- und Waldlauf-Serie <b>Dithmarschen<\/b>.<\/td>\n<\/tr>\n<tr>\n<td>25.01.2026<\/td>\n<td>10.00 Uhr<\/td>\n<td>5 km:<br \/>\n12,50 \u20ac<br \/>\n10 km:<br \/>\n15,- \u20ac<br \/>\n15 km:<br \/>\n20,- \u20ac<\/td>\n<td><img loading=\"lazy\" decoding=\"async\" class=\"alignnone size-full wp-image-334\" src=\"\/alg\/wp-content\/uploads\/Massband.jpg\" alt=\"vermessene Strecke\" width=\"69\" height=\"30\" \/><b><a href=\"https:\/\/baltic-fit.info\/home.html\" target=\"blank\" rel=\"noopener noreferrer\">3. Winterlaufserie Eckernf\u00f6rde<\/a> &#8211; 15 km, 10 km + 5 km<\/b><\/p>\n<p>eine neue Winterlaufserie im Bereich KI-RD-NMS als Ersatz bzw. Fortf\u00fchrung der beendeten Winterserie von Altenholz &#8211; federf\u00fchrend ist das Fitnesscenter Baltic-Fit in Eckernf\u00f6rde &#8211; gelaufen wird auch wieder auf einem 5 km-Rundkurs in Eckernf\u00f6rde &#8211; 1 Runde in Serie B, 2 Runden in der Serie C, 3 Runden in Serie A.<\/td>\n<\/tr>\n<tr>\n<td>25.01.2026<\/td>\n<td>14.00 Uhr<\/td>\n<td>5,- \u20ac<\/td>\n<td><a href=\"https:\/\/www.facebook.com\/events\/707530718153071\/\" target=\"_blank\" rel=\"noopener noreferrer\"><b>66. L\u00fcbecker Unilauf<\/b><\/a><\/p>\n<p>7,6 km &#8211; im Jahr 2014 waren immerhin 119 Teilnehmer bei diesem Crosslauf dabei &#8211; Veranstalter ist der Hochschulsport der Uni L\u00fcbeck.<\/td>\n<\/tr>\n<tr>\n<td>25.01.2026<\/td>\n<td>10.45 Uhr<br \/>\n    12.15 Uhr<\/td>\n<td>18,- \u20ac<br \/>\n    20,- \u20ac<\/td>\n<td><a href=\"https:\/\/www.suederelbe-cross.de\/\" target=\"_blank\" rel=\"noopener noreferrer\"><b>8. S\u00fcderelbe Cross<\/b><\/a><\/p>\n<p>5,3 km und 10,8 km &#8211; Ein herausfordernder Lauf durch die sch\u00f6ne<br \/>\nHeidelandschaft s\u00fcdlich der Elbe, rund um den Falkenberg &#8211; Start und Ziel<br \/>\nbefinden sich auf dem Scharpenbargsweg hinter der Sportanlage Opferberg &#8211; gelaufen wird auf profilierten Wegen (zum Teil aus Sand, Gras und<br \/>\nErdreich mit Wurzeln). Bei Frost k\u00f6nnen Spikes verwendet werden.<\/td>\n<\/tr>\n<tr>\n<td>01.02.2026<\/td>\n<td>11.00 &#8211; 18.00 Uhr<\/td>\n<td>8,- \u20ac<\/td>\n<td><b>! <a href=\"https:\/\/kalender.shlv.de\/ausschreibungen\/20260201_SHLV_ass_LMHalleMasters_Hamburg.pdf\" target=\"blank\" rel=\"noopener noreferrer\">Landeshallenmeisterschaften Leichtathletik Senioren\/Seniorinnen<\/a> !<\/b><\/p>\n<p>gemeinsam mit HLV und LVMV in der Leichtathletikhalle Hamburg,<br \/>\nKrochmannstr. 55 &#8211; Lauf-, Sprung- und Wurfdisziplinen<\/td>\n<\/tr>\n<tr>\n<td>01.02.2026<\/td>\n<td>ab 09.50 Uhr<br \/>\nkeine Nach-<br \/>\nmeldungen<br \/>\nf\u00fcr den HM<\/td>\n<td>16,- \u20ac<\/td>\n<td><img loading=\"lazy\" decoding=\"async\" class=\"alignnone size-full wp-image-334\" src=\"\/alg\/wp-content\/uploads\/Massband.jpg\" alt=\"vermessene Strecke\" width=\"69\" height=\"30\" \/><b><a href=\"https:\/\/sportinhusum.de\/sportangebot\/outdoor\/lav\/veranstaltungen\/winterstrassenlaufserie-drelsdorf\/\" target=\"blank\" rel=\"noopener noreferrer\">46. Winterlaufserie Drelsdorf<\/a> &#8211; HM + 5 km<\/b><\/p>\n<p>Eine Einf\u00fchrungsschleife durchs Dorf und dann vier Runden auf der bekannten Strecke &#8211;<br \/>\nwer sich die 21,1 km nicht einteilen kann, f\u00fcr den werden die letzten 2 km immer leicht bergan seeeeehr lang &#8230;<\/td>\n<\/tr>\n<tr>\n<td>01.02.2026<\/td>\n<td>09.30 Uhr<\/td>\n<td>Erw.: ab 32,- \u20ac<br \/>\n(ganze Serie)<br \/>\nJug.: ab 12,- \u20ac<\/td>\n<td><b><a href=\"https:\/\/www.winterlaufserie-wilhelmsburg.de\/infos\/\" target=\"blank\" rel=\"noopener noreferrer\">10. Winterlaufserie Wilhelmsburg<\/a> &#8211; 2. Lauf<\/b><\/p>\n<p>5 km, 10 km, 15 km oder 20 km &#8211; landschaftlich reizvoller Rundkurs durch den Wilhelmsburger Inselpark &#8211; die Strecke betr\u00e4gt ca. 5 km pro Runde und kann bis zu viermal absolviert werden &#8211; jede\/r entscheidet selbst, wieviele Runden gelaufen werden &#8211; die ganze Serie besteht aus 3 L\u00e4ufen &#8211; Einzelstarts kosten 16,- \u20ac (Jug. 7,- \u20ac)<\/td>\n<\/tr>\n<tr>\n<td>08.02.2026<\/td>\n<td>10.00 Uhr<\/td>\n<td>5 km:<br \/>\n12,50 \u20ac<br \/>\n10 km:<br \/>\n15,- \u20ac<br \/>\nHM:<br \/>\n20,- \u20ac<\/td>\n<td><img loading=\"lazy\" decoding=\"async\" class=\"alignnone size-full wp-image-334\" src=\"\/alg\/wp-content\/uploads\/Massband.jpg\" alt=\"vermessene Strecke\" width=\"69\" height=\"30\" \/><b><a href=\"https:\/\/baltic-fit.info\/home.html\" target=\"blank\" rel=\"noopener noreferrer\">3. Winterlaufserie Eckernf\u00f6rde<\/a> &#8211; HM, 10 km + 5 km<\/b><\/p>\n<p>eine neue Winterlaufserie im Bereich KI-RD-NMS als Ersatz bzw. Fortf\u00fchrung der beendeten Winterserie von Altenholz &#8211; federf\u00fchrend ist das Fitnesscenter Baltic-Fit in Eckernf\u00f6rde &#8211; gelaufen wird auch wieder auf einem 5 km-Rundkurs in Eckernf\u00f6rde &#8211; 1 Runde in Serie B, 2 Runden in der Serie C, 4 Runden in Serie A + 1,1 km extra.<\/td>\n<\/tr>\n<tr>\n<td>07.02.2026<\/td>\n<td>14.00 Uhr<\/td>\n<td>3,- \u20ac<\/td>\n<td><a href=\"https:\/\/www.klv-dithmarschen.net\/\" target=\"_blank\" rel=\"noopener noreferrer\"><b>Crosslauf Nordhastedt<\/b><\/a><\/p>\n<p>Strecken zwischen 800m und 8000m &#8211;<br \/>\nAuch dieser Crosslauf geh\u00f6rt zur Crosslauf-Serie <b>Dithmarschen<\/b>.<\/td>\n<\/tr>\n<p><!--\n\n\n<tr>\n\n\n<td>18?.02.2024<\/td>\n\n\n\n\n<td>10.00 Uhr<\/td>\n\n\n\n\n<td>12,- \u20ac<\/td>\n\n\n\n\n<td><img loading=\"lazy\" decoding=\"async\" class=\"alignnone size-full wp-image-334\" src=\"\/alg\/wp-content\/uploads\/Massband.jpg\" alt=\"vermessene Strecke\" width=\"69\" height=\"30\" \/><a href=\"https:\/\/www.hntonline.de\/termin\/strassenlauf-cup-10km\/\" target=\"_blank\" rel=\"noopener noreferrer\"><b>40. Stra\u00dfenlaufcup der LGHNF<\/b><\/a> - 10 km\n\nDie Hamburger Laufserie auf einer Wendepunktstrecke besteht seit 2023 nur noch aus 2 L\u00e4ufen: 10 km und HM - der bekannte Verein im S\u00fcden der <b>Hansestadt<\/b> bietet beide L\u00e4ufe zum Sonderpreis von nur 20,- \u20ac an.<\/td>\n\n\n<\/tr>\n\n\n--><\/p>\n<tr>\n<td>22.02.2026<\/td>\n<td>10.00 Uhr<\/td>\n<td>5,- \u20ac f\u00fcr alle<\/td>\n<td><b><img loading=\"lazy\" decoding=\"async\" class=\"alignnone size-full wp-image-334\" src=\"\/alg\/wp-content\/uploads\/Massband.jpg\" alt=\"vermessene Strecke\" width=\"69\" height=\"30\" \/><a href=\"https:\/\/my.raceresult.com\/329266\/\" target=\"blank\" rel=\"noopener noreferrer\">11. Tre\u00dfsee-Marathon<\/a><\/b><\/p>\n<p>Marathon auf einem 14-km-Rundkurs (dadurch gibt es diesmal auch Drittel- und Zweidrittel-Marathon) und Halbmarathon &#8211; organisiert wird dieser Marathon von der Freien Waldorfschule Flensburg &#8211; 2021 wurde wegen Covid-19 alles online abgewickelt, Zeiten stoppte jeder selbst mit Online-Eintrag \u2013 ab 2019 Wertungslauf zum <strong><a href=\"https:\/\/www.zippels.de\/events\/nord-cup\/\" target=\"_blank\" rel=\"noopener noreferrer\">Zippel\u00b4s Nord-Cup<\/a><\/strong><\/td>\n<\/tr>\n<tr>\n<td>28.02.2026<\/td>\n<td>14.00 Uhr<\/td>\n<td>3,- \u20ac<\/td>\n<td><a href=\"https:\/\/www.klv-dithmarschen.net\/\" target=\"_blank\" rel=\"noopener noreferrer\"><b>Crosslauf Burg\/Dithm.<\/b><\/a><\/p>\n<p>Strecken zwischen 800m und 7000m &#8211; Dieser Crosslauf in Burg\/Dithmarschen geh\u00f6rt zur Cross- und Waldlauf-Serie <b>Dithmarschen<\/b>.<\/td>\n<\/tr>\n<\/tbody>\n<\/table>\n","protected":false},"excerpt":{"rendered":"<p>Ferien 2025\/2026 in Schleswig-Holstein Weihnachten Ostern Sommer Herbst 19.12.-06.01. 26.03.-10.04. 04.07.-15.08. 12.10.-24.10. Datum Startzeit Startgeld Veranstaltung 05.01.2025 ab 10.30 Uhr 11,- \u20ac 59. Bergedorfer Crosslauf es geht in 12 L\u00e4ufen \u00fcber 4 verschiedene Streckenl\u00e4ngen von 1020m bis 10200m durchs Bergedorfer Geh\u00f6lz bei Hamburg &#8211; Crosslauf mit gro\u00dfer Tradition, starker Konkurrenz und 60stem Jubil\u00e4um n\u00e4chstes Jahr &hellip; <a href=\"https:\/\/www.vflbokel.de\/alg\/termine\/jan-feb\/\" class=\"more-link\"><span class=\"screen-reader-text\">Lauftermine Januar \/ Februar<\/span> weiterlesen <span class=\"meta-nav\">&rarr;<\/span><\/a><\/p>\n","protected":false},"author":3,"featured_media":0,"parent":8,"menu_order":0,"comment_status":"closed","ping_status":"closed","template":"","meta":{"footnotes":""},"class_list":["post-269","page","type-page","status-publish","hentry"],"_links":{"self":[{"href":"https:\/\/www.vflbokel.de\/alg\/wp-json\/wp\/v2\/pages\/269","targetHints":{"allow":["GET"]}}],"collection":[{"href":"https:\/\/www.vflbokel.de\/alg\/wp-json\/wp\/v2\/pages"}],"about":[{"href":"https:\/\/www.vflbokel.de\/alg\/wp-json\/wp\/v2\/types\/page"}],"author":[{"embeddable":true,"href":"https:\/\/www.vflbokel.de\/alg\/wp-json\/wp\/v2\/users\/3"}],"replies":[{"embeddable":true,"href":"https:\/\/www.vflbokel.de\/alg\/wp-json\/wp\/v2\/comments?post=269"}],"version-history":[{"count":118,"href":"https:\/\/www.vflbokel.de\/alg\/wp-json\/wp\/v2\/pages\/269\/revisions"}],"predecessor-version":[{"id":9289,"href":"https:\/\/www.vflbokel.de\/alg\/wp-json\/wp\/v2\/pages\/269\/revisions\/9289"}],"up":[{"embeddable":true,"href":"https:\/\/www.vflbokel.de\/alg\/wp-json\/wp\/v2\/pages\/8"}],"wp:attachment":[{"href":"https:\/\/www.vflbokel.de\/alg\/wp-json\/wp\/v2\/media?parent=269"}],"curies":[{"name":"wp","href":"https:\/\/api.w.org\/{rel}","templated":true}]}}