{"id":20,"date":"2015-10-22T22:54:01","date_gmt":"2015-10-22T20:54:01","guid":{"rendered":"http:\/\/gamma.vflbokel.de\/?page_id=20"},"modified":"2026-03-12T19:34:42","modified_gmt":"2026-03-12T18:34:42","slug":"impressum","status":"publish","type":"page","link":"https:\/\/www.vflbokel.de\/alg\/impressum\/","title":{"rendered":"Impressum"},"content":{"rendered":"<p>Verantwortlich f\u00fcr den Inhalt dieser Seiten ist der Vorstand der ALG des VfL Bokel.<br \/>\nAnsprechpartner als Gestalter und Betreuer dieser Website sind:<\/p>\n<table>\n<tbody>\n<tr>\n<td><b>Gerhard Osterloh<\/b><br \/>\n24589 Sch\u00fclp b. Nortorf<br \/>\n<a href=\"mailto:gerhard.osterloh(at)web.de\">gerhard.osterloh(at)web.de<\/a><\/td>\n<td><strong>Hendrik Lehmann<\/strong><br \/>\n24589 Nortorf<br \/>\n<a href=\"mailto:hendriklehmann(at)online.de\">hendriklehmann(at)online.de<\/a><\/td>\n<\/tr>\n<\/tbody>\n<\/table>\n<h1>Der Vorstand der ALG<\/h1>\n<table>\n<tbody>\n<tr>\n<td><b>1. Vorsitzender:<\/b><br \/>\nNorbert Schroeder<br \/>\nAn der Aue 7<br \/>\n24802 Bokel<br \/>\nTelefon: 04330\/9889<br \/>\n<a href=\"mailto:norbertschroeder.alg(at)swn-nett.de\"><b>norbertschroeder.alg(at)swn-nett.de<\/b><\/a><\/td>\n<td><b>2. Vorsitzender:<\/b><br \/>\nderzeit nicht besetzt!<\/td>\n<\/tr>\n<tr>\n<td><b>1. Beisitzerin:<\/b><br \/>\nVivien Matthiesen<br \/>\n24116 Kiel<br \/>\n<br \/>\n<strong>2.Beisitzerin:\u00a0<\/strong> \u00a0 \u00a0 \u00a0 \u00a0 \u00a0 \u00a0 \u00a0 \u00a0 \u00a0 \u00a0 \u00a0 \u00a0 \u00a0 \u00a0<br \/>\n Yvette Rathey<br \/>\n24259 Westensee<\/td>\n<td><b>Mannschaftskasse:<\/b><br \/>\nThorsten Themm<br \/>\nAm Redder 17<br \/>\n24589 Nortorf<br \/>\n<a href=\"mailto:thorsten.themm(at)freenet.de\"><b>thorsten.themm(at)freenet.de<\/b><\/a><\/td>\n<\/tr>\n<tr>\n<td><b>Pressewart:<\/b><br \/>\nUwe N\u00f6rregaard<br \/>\nRaiffeisenstr.11<br \/>\n24259 Westensee<br \/>\n<strong><a href=\"mailto:Taijigaard(at)web.de\">Taijigaard(at)web.de<\/a><\/strong><\/td>\n<td>Der Pressewart ist nur f\u00fcr eigene Texte verantwortlich<\/td>\n<\/tr>\n<\/tbody>\n<\/table>\n<p><img loading=\"lazy\" decoding=\"async\" class=\"aligncenter size-medium wp-image-606\" src=\"\/alg\/wp-content\/uploads\/Trennlinie2-450x2.jpg\" alt=\"Trennlinie\" width=\"600\" height=\"2\" \/><\/p>\n<h1 style=\"text-align: center;\"><strong>Haftungshinweis:<\/strong><\/h1>\n<p style=\"text-align: left;\">Mit Urteil vom 12. Mai 1998 hat das Landgericht Hamburg entschieden, dass man durch die Ausbringung eines Links die Inhalte der gelinkten Seite ggf. mit zu verantworten hat. Dies kann, so das LG, nur dadurch verhindert werden, dass man sich ausdr\u00fccklich von diesen Inhalten distanziert. Wir haben auf verschiedenen Seiten dieser Homepage Links zu anderen Seiten im Internet gelegt. F\u00fcr all diese Links gilt:<br \/>\nAlle Links auf unseren Seiten wurden vorwiegend nach sportlichen Gesichtspunkten ausgew\u00e4hlt und gepr\u00fcft und dienen ausschlie\u00dflich dem leichteren Navigieren unserer Besucher im Web. Wir m\u00f6chten ausdr\u00fccklich betonen, dass wir keinerlei Einfluss auf die Gestaltung und die Inhalte der gelinkten Seiten haben. Wir distanzieren uns von allen Inhalten aller gelinkten Seiten auf dieser Homepage und machen uns ihre Inhalte nicht zu eigen, falls diese an irgendeiner Stelle nicht den bei uns geltenden gesetzlichen Bestimmungen und Anforderungen entsprechen.<br \/>\nSollten andere Webmaster mit unseren Links auf ihre Seiten nicht einverstanden sein, so bitten wir um eine kurze <a title=\"Hendriks Mailadresse\" href=\"mailto:lehmann-fam@versanet.de\"><u><span style=\"color: #0066cc;\"> Mail<\/span><\/u><\/a> an uns. Wir werden den Link dann unverz\u00fcglich von unseren Seiten entfernen.<\/p>\n","protected":false},"excerpt":{"rendered":"<p>Verantwortlich f\u00fcr den Inhalt dieser Seiten ist der Vorstand der ALG des VfL Bokel. Ansprechpartner als Gestalter und Betreuer dieser Website sind: Gerhard Osterloh 24589 Sch\u00fclp b. Nortorf gerhard.osterloh(at)web.de Hendrik Lehmann 24589 Nortorf hendriklehmann(at)online.de Der Vorstand der ALG 1. Vorsitzender: Norbert Schroeder An der Aue 7 24802 Bokel Telefon: 04330\/9889 norbertschroeder.alg(at)swn-nett.de 2. Vorsitzender: derzeit nicht &hellip; <a href=\"https:\/\/www.vflbokel.de\/alg\/impressum\/\" class=\"more-link\"><span class=\"screen-reader-text\">Impressum<\/span> weiterlesen <span class=\"meta-nav\">&rarr;<\/span><\/a><\/p>\n","protected":false},"author":1,"featured_media":0,"parent":0,"menu_order":7,"comment_status":"closed","ping_status":"closed","template":"","meta":{"footnotes":""},"class_list":["post-20","page","type-page","status-publish","hentry"],"_links":{"self":[{"href":"https:\/\/www.vflbokel.de\/alg\/wp-json\/wp\/v2\/pages\/20","targetHints":{"allow":["GET"]}}],"collection":[{"href":"https:\/\/www.vflbokel.de\/alg\/wp-json\/wp\/v2\/pages"}],"about":[{"href":"https:\/\/www.vflbokel.de\/alg\/wp-json\/wp\/v2\/types\/page"}],"author":[{"embeddable":true,"href":"https:\/\/www.vflbokel.de\/alg\/wp-json\/wp\/v2\/users\/1"}],"replies":[{"embeddable":true,"href":"https:\/\/www.vflbokel.de\/alg\/wp-json\/wp\/v2\/comments?post=20"}],"version-history":[{"count":33,"href":"https:\/\/www.vflbokel.de\/alg\/wp-json\/wp\/v2\/pages\/20\/revisions"}],"predecessor-version":[{"id":9412,"href":"https:\/\/www.vflbokel.de\/alg\/wp-json\/wp\/v2\/pages\/20\/revisions\/9412"}],"wp:attachment":[{"href":"https:\/\/www.vflbokel.de\/alg\/wp-json\/wp\/v2\/media?parent=20"}],"curies":[{"name":"wp","href":"https:\/\/api.w.org\/{rel}","templated":true}]}}