{"id":2,"date":"2015-10-18T23:10:20","date_gmt":"2015-10-18T21:10:20","guid":{"rendered":"http:\/\/gamma.vflbokel.de\/?page_id=2"},"modified":"2025-08-25T00:09:34","modified_gmt":"2025-08-24T22:09:34","slug":"startseite","status":"publish","type":"page","link":"https:\/\/www.vflbokel.de\/alg\/","title":{"rendered":"Startseite"},"content":{"rendered":"<p><img loading=\"lazy\" decoding=\"async\" class=\"aligncenter\" src=\"https:\/\/www.vflbokel.de\/alg\/wp-content\/uploads\/2015\/11\/WEB4.jpg\" alt=\"Start WML 5 km 2019\" width=\"1240\" height=\"309\"><\/p>\n<p style=\"font-size: 10px; text-align: right; margin-top: -20px;\">\u00a9 Foto (Start Windm\u00fchlenlauf 5 km 2019): Frank Steinmann<\/p>\n<p>F\u00fcr alle,&nbsp; die uns noch nicht kennen: <img loading=\"lazy\" decoding=\"async\" style=\"margin-right: 100px;\" src=\"https:\/\/www.vflbokel.de\/alg\/wp-content\/uploads\/Bokelkarte-281x300.jpg\" alt=\"Bokelkarte\" width=\"281\" height=\"300\" align=\"right\"><\/p>\n<p><strong><a href=\"http:\/\/www.amt-nortorf-land.de\/bokel.html\" target=\"blank\" rel=\"noopener noreferrer\">Bokel<\/a><\/strong> ist ein kleiner Ort ein paar Kilometer n\u00f6rdlich des Mittelpunkts von Schleswig-Holstein.<br \/>Anders ausgedr\u00fcckt: Zwischen <strong><a href=\"http:\/\/www.neumuenster.de\/\" target=\"blank\" rel=\"noopener noreferrer\"> Neum\u00fcnster<\/a><\/strong> und <strong><a href=\"http:\/\/www.rendsburg.de\/\" target=\"blank\" rel=\"noopener noreferrer\">Rendsburg<\/a><\/strong>.<br \/>Und der <strong><a href=\"http:\/\/www.vflbokel.de\/\" target=\"blank\" rel=\"noopener noreferrer\">VfL Bokel<\/a><\/strong> ist der Sportverein dieser Gemeinde.<br \/>Die <span style=\"color: #3366ff;\"><strong>ALG<\/strong><\/span> ist die Ausdauer- und Leichtathletik-Gruppe innerhalb dieses Vereins.<br \/>Der Gr\u00fcnder und Vorsitzende ist <strong>Norbert Schroeder<\/strong>.<br \/>Mehr \u00fcber uns gibt es auf der Seite <strong><a href=\"https:\/\/www.vflbokel.de\/alg\/Aktuelles\/\">Aktuelles<\/a><\/strong>.<br \/>Viel Spa\u00df beim Durchforsten unserer Webseite&nbsp; w\u00fcnscht das Team der <strong>ALG-VfL Bokel<\/strong>.<\/p>\n\n\n<p>Achtung : Die Anmeldung f\u00fcr demn 6-Stundenlauf 2025 ist freigeschaltet!Einfach auf 6-Stundenlauf gehen und dem Link folgen.Da steht die Auschreibung und die Anmeldung!<\/p>\n\n\n\n<p><\/p>\n\n\n\n<p><\/p>\n\n\n\n<p><\/p>\n\n\n\n<p><strong>Wir m\u00f6chten uns allen interessierten Besucher*innen dieser Website mit unserem Flyer vorstellen:<\/strong> Noch mal Info zu unserem Flyer . Es hat sich in den letzten 2 Jahren viel in unserem Team getan. Wir haben jetzt 66 Team-Mitglieder . In den letzten 2 Jahren ist gerade der Frauennanteil von 5 auf 20 angestiegen, die aus dem ganzen Umland kommen . Von Kiel bis Bad Segeberg.Wir wollen jetzt auch wieder mehr Training anbieten. Montags in Kiel , Mittwochs in Nortorf und zwischendurch in der Woche, immer abwechselnd von Woche zu Woche Das schreibe ich dann immer noch mal in einer Info , oder auch auf Facebook!<\/p>\n\n\n\n<p><\/p>\n\n\n\n<p><strong><a href=\"https:\/\/www.vflbokel.de\/alg\/wp-content\/uploads\/Aktuelles\/ALG-Flyer_Seite1.pdf\" target=\"_blank\" rel=\"noreferrer noopener\">Die ALG_(Seite 1)<\/a> &nbsp;&nbsp; <a rel=\"noreferrer noopener\" href=\"https:\/\/www.vflbokel.de\/alg\/wp-content\/uploads\/Aktuelles\/ALG-Flyer_Seite2.pdf\" target=\"_blank\">Die ALG (Seite 2)<\/a><\/strong><\/p>\n","protected":false},"excerpt":{"rendered":"<p>\u00a9 Foto (Start Windm\u00fchlenlauf 5 km 2019): Frank Steinmann F\u00fcr alle,&nbsp; die uns noch nicht kennen: Bokel ist ein kleiner Ort ein paar Kilometer n\u00f6rdlich des Mittelpunkts von Schleswig-Holstein.Anders ausgedr\u00fcckt: Zwischen Neum\u00fcnster und Rendsburg.Und der VfL Bokel ist der Sportverein dieser Gemeinde.Die ALG ist die Ausdauer- und Leichtathletik-Gruppe innerhalb dieses Vereins.Der Gr\u00fcnder und Vorsitzende ist &hellip; <a href=\"https:\/\/www.vflbokel.de\/alg\/\" class=\"more-link\"><span class=\"screen-reader-text\">Startseite<\/span> weiterlesen <span class=\"meta-nav\">&rarr;<\/span><\/a><\/p>\n","protected":false},"author":1,"featured_media":0,"parent":0,"menu_order":0,"comment_status":"closed","ping_status":"closed","template":"page-templates\/full-width.php","meta":{"footnotes":""},"class_list":["post-2","page","type-page","status-publish","hentry"],"_links":{"self":[{"href":"https:\/\/www.vflbokel.de\/alg\/wp-json\/wp\/v2\/pages\/2","targetHints":{"allow":["GET"]}}],"collection":[{"href":"https:\/\/www.vflbokel.de\/alg\/wp-json\/wp\/v2\/pages"}],"about":[{"href":"https:\/\/www.vflbokel.de\/alg\/wp-json\/wp\/v2\/types\/page"}],"author":[{"embeddable":true,"href":"https:\/\/www.vflbokel.de\/alg\/wp-json\/wp\/v2\/users\/1"}],"replies":[{"embeddable":true,"href":"https:\/\/www.vflbokel.de\/alg\/wp-json\/wp\/v2\/comments?post=2"}],"version-history":[{"count":97,"href":"https:\/\/www.vflbokel.de\/alg\/wp-json\/wp\/v2\/pages\/2\/revisions"}],"predecessor-version":[{"id":9072,"href":"https:\/\/www.vflbokel.de\/alg\/wp-json\/wp\/v2\/pages\/2\/revisions\/9072"}],"wp:attachment":[{"href":"https:\/\/www.vflbokel.de\/alg\/wp-json\/wp\/v2\/media?parent=2"}],"curies":[{"name":"wp","href":"https:\/\/api.w.org\/{rel}","templated":true}]}}